{"id":1016,"date":"2025-06-09T13:49:46","date_gmt":"2025-06-09T13:49:46","guid":{"rendered":"https:\/\/belson.al\/?page_id=1016"},"modified":"2025-08-27T09:23:33","modified_gmt":"2025-08-27T09:23:33","slug":"blog","status":"publish","type":"page","link":"https:\/\/belson.al\/en\/blog\/","title":{"rendered":"Blog"},"content":{"rendered":"<div data-elementor-type=\"wp-page\" data-elementor-id=\"1016\" class=\"elementor elementor-1016\" data-elementor-post-type=\"page\">\n\t\t\t\t\t\t<section class=\"elementor-section elementor-top-section elementor-element elementor-element-4fdccdd9 elementor-section-boxed elementor-section-height-default elementor-section-height-default\" data-id=\"4fdccdd9\" data-element_type=\"section\" data-e-type=\"section\" data-settings=\"{&quot;background_background&quot;:&quot;gradient&quot;}\">\n\t\t\t\t\t\t<div class=\"elementor-container elementor-column-gap-default\">\n\t\t\t\t\t<div class=\"elementor-column elementor-col-50 elementor-top-column elementor-element elementor-element-41d93add\" data-id=\"41d93add\" data-element_type=\"column\" data-e-type=\"column\">\n\t\t\t<div class=\"elementor-widget-wrap elementor-element-populated\">\n\t\t\t\t\t\t\t<\/div>\n\t\t<\/div>\n\t\t\t\t<div class=\"elementor-column elementor-col-50 elementor-top-column elementor-element elementor-element-2e9a9283\" data-id=\"2e9a9283\" data-element_type=\"column\" data-e-type=\"column\">\n\t\t\t<div class=\"elementor-widget-wrap\">\n\t\t\t\t\t\t\t<\/div>\n\t\t<\/div>\n\t\t\t\t\t<\/div>\n\t\t<\/section>\n\t\t\t\t<section class=\"elementor-section elementor-top-section elementor-element elementor-element-5d32876b elementor-section-boxed elementor-section-height-default elementor-section-height-default\" data-id=\"5d32876b\" data-element_type=\"section\" data-e-type=\"section\">\n\t\t\t\t\t\t<div class=\"elementor-container elementor-column-gap-default\">\n\t\t\t\t\t<div class=\"elementor-column elementor-col-100 elementor-top-column elementor-element elementor-element-70490d6a\" data-id=\"70490d6a\" data-element_type=\"column\" data-e-type=\"column\">\n\t\t\t<div class=\"elementor-widget-wrap elementor-element-populated\">\n\t\t\t\t\t\t<div class=\"elementor-element elementor-element-810917 elementor-widget elementor-widget-heading\" data-id=\"810917\" data-element_type=\"widget\" data-e-type=\"widget\" data-widget_type=\"heading.default\">\n\t\t\t\t<div class=\"elementor-widget-container\">\n\t\t\t\t\t<h2 class=\"elementor-heading-title elementor-size-default\">News and Articles\n<\/h2>\t\t\t\t<\/div>\n\t\t\t\t<\/div>\n\t\t\t\t<div class=\"elementor-element elementor-element-64c13eaf elementor-widget elementor-widget-heading\" data-id=\"64c13eaf\" data-element_type=\"widget\" data-e-type=\"widget\" data-widget_type=\"heading.default\">\n\t\t\t\t<div class=\"elementor-widget-container\">\n\t\t\t\t\t<h2 class=\"elementor-heading-title elementor-size-default\">Our Latest News\n<\/h2>\t\t\t\t<\/div>\n\t\t\t\t<\/div>\n\t\t\t\t<div class=\"elementor-element elementor-element-7f9c2acf elementor-grid-3 elementor-grid-tablet-2 elementor-grid-mobile-1 elementor-posts--thumbnail-top elementor-widget elementor-widget-posts\" data-id=\"7f9c2acf\" data-element_type=\"widget\" data-e-type=\"widget\" data-settings=\"{&quot;classic_masonry&quot;:&quot;yes&quot;,&quot;pagination_type&quot;:&quot;numbers&quot;,&quot;classic_columns&quot;:&quot;3&quot;,&quot;classic_columns_tablet&quot;:&quot;2&quot;,&quot;classic_columns_mobile&quot;:&quot;1&quot;,&quot;classic_row_gap&quot;:{&quot;unit&quot;:&quot;px&quot;,&quot;size&quot;:35,&quot;sizes&quot;:[]},&quot;classic_row_gap_tablet&quot;:{&quot;unit&quot;:&quot;px&quot;,&quot;size&quot;:&quot;&quot;,&quot;sizes&quot;:[]},&quot;classic_row_gap_mobile&quot;:{&quot;unit&quot;:&quot;px&quot;,&quot;size&quot;:&quot;&quot;,&quot;sizes&quot;:[]}}\" data-widget_type=\"posts.classic\">\n\t\t\t\t<div class=\"elementor-widget-container\">\n\t\t\t\t\t\t\t<div class=\"elementor-posts-container elementor-posts elementor-posts--skin-classic elementor-grid\">\n\t\t\t\t<article class=\"elementor-post elementor-grid-item post-1286 post type-post status-publish format-standard has-post-thumbnail hentry category-uncategorized\">\n\t\t\t\t<a class=\"elementor-post__thumbnail__link\" href=\"https:\/\/belson.al\/en\/dyer-te-personalizuara\/\" tabindex=\"-1\" >\n\t\t\t<div class=\"elementor-post__thumbnail\"><img fetchpriority=\"high\" decoding=\"async\" width=\"956\" height=\"931\" src=\"https:\/\/belson.al\/wp-content\/uploads\/2025\/08\/Customized-doors.jpg\" class=\"attachment-full size-full wp-image-1324\" alt=\"\" srcset=\"https:\/\/belson.al\/wp-content\/uploads\/2025\/08\/Customized-doors.jpg 956w, https:\/\/belson.al\/wp-content\/uploads\/2025\/08\/Customized-doors-300x292.jpg 300w, https:\/\/belson.al\/wp-content\/uploads\/2025\/08\/Customized-doors-768x748.jpg 768w, https:\/\/belson.al\/wp-content\/uploads\/2025\/08\/Customized-doors-12x12.jpg 12w\" sizes=\"(max-width: 956px) 100vw, 956px\" \/><\/div>\n\t\t<\/a>\n\t\t\t\t<div class=\"elementor-post__text\">\n\t\t\t\t<h3 class=\"elementor-post__title\">\n\t\t\t<a href=\"https:\/\/belson.al\/en\/dyer-te-personalizuara\/\" >\n\t\t\t\tDyer t\u00eb Personalizuara\t\t\t<\/a>\n\t\t<\/h3>\n\t\t\t\t<div class=\"elementor-post__meta-data\">\n\t\t\t\t\t<span class=\"elementor-post-date\">\n\t\t\tAugust 27, 2025\t\t<\/span>\n\t\t\t\t<\/div>\n\t\t\t\t<div class=\"elementor-post__excerpt\">\n\t\t\t<p>Dyer t\u00eb personalizuara \u2013 Sip\u00ebr projektit tuaj \u00c7do ambient \u00ebsht\u00eb unik dhe shpesh k\u00ebrkon zgjidhje t\u00eb ve\u00e7anta. Tek Belson, ofrojm\u00eb<\/p>\n\t\t<\/div>\n\t\t\n\t\t<a class=\"elementor-post__read-more\" href=\"https:\/\/belson.al\/en\/dyer-te-personalizuara\/\" aria-label=\"Read more about Dyer t\u00eb Personalizuara\" tabindex=\"-1\" >\n\t\t\tLexo me Shume\t\t<\/a>\n\n\t\t\t\t<\/div>\n\t\t\t\t<\/article>\n\t\t\t\t<article class=\"elementor-post elementor-grid-item post-1278 post type-post status-publish format-standard has-post-thumbnail hentry category-uncategorized\">\n\t\t\t\t<a class=\"elementor-post__thumbnail__link\" href=\"https:\/\/belson.al\/en\/dyer-filemuro\/\" tabindex=\"-1\" >\n\t\t\t<div class=\"elementor-post__thumbnail\"><img decoding=\"async\" width=\"956\" height=\"931\" src=\"https:\/\/belson.al\/wp-content\/uploads\/2025\/08\/Dyer-filemuro.jpg\" class=\"attachment-full size-full wp-image-1320\" alt=\"\" srcset=\"https:\/\/belson.al\/wp-content\/uploads\/2025\/08\/Dyer-filemuro.jpg 956w, https:\/\/belson.al\/wp-content\/uploads\/2025\/08\/Dyer-filemuro-300x292.jpg 300w, https:\/\/belson.al\/wp-content\/uploads\/2025\/08\/Dyer-filemuro-768x748.jpg 768w, https:\/\/belson.al\/wp-content\/uploads\/2025\/08\/Dyer-filemuro-12x12.jpg 12w\" sizes=\"(max-width: 956px) 100vw, 956px\" \/><\/div>\n\t\t<\/a>\n\t\t\t\t<div class=\"elementor-post__text\">\n\t\t\t\t<h3 class=\"elementor-post__title\">\n\t\t\t<a href=\"https:\/\/belson.al\/en\/dyer-filemuro\/\" >\n\t\t\t\tDyer Fil\u00ebmuro\t\t\t<\/a>\n\t\t<\/h3>\n\t\t\t\t<div class=\"elementor-post__meta-data\">\n\t\t\t\t\t<span class=\"elementor-post-date\">\n\t\t\tAugust 27, 2025\t\t<\/span>\n\t\t\t\t<\/div>\n\t\t\t\t<div class=\"elementor-post__excerpt\">\n\t\t\t<p>Dyer fil\u00ebmuro \u2013 Dizajn \u2018invisible\u2019 p\u00ebr hap\u00ebsira moderne Dyert fil\u00ebmuro jan\u00eb trendi i fundit n\u00eb arkitektur\u00ebn bashk\u00ebkohore. Tek Belson, k\u00ebto<\/p>\n\t\t<\/div>\n\t\t\n\t\t<a class=\"elementor-post__read-more\" href=\"https:\/\/belson.al\/en\/dyer-filemuro\/\" aria-label=\"Read more about Dyer Fil\u00ebmuro\" tabindex=\"-1\" >\n\t\t\tLexo me Shume\t\t<\/a>\n\n\t\t\t\t<\/div>\n\t\t\t\t<\/article>\n\t\t\t\t<article class=\"elementor-post elementor-grid-item post-1270 post type-post status-publish format-standard has-post-thumbnail hentry category-uncategorized\">\n\t\t\t\t<a class=\"elementor-post__thumbnail__link\" href=\"https:\/\/belson.al\/en\/izolim-akustik\/\" tabindex=\"-1\" >\n\t\t\t<div class=\"elementor-post__thumbnail\"><img decoding=\"async\" width=\"956\" height=\"931\" src=\"https:\/\/belson.al\/wp-content\/uploads\/2025\/08\/izolim-akustik.jpg\" class=\"attachment-full size-full wp-image-1316\" alt=\"\" srcset=\"https:\/\/belson.al\/wp-content\/uploads\/2025\/08\/izolim-akustik.jpg 956w, https:\/\/belson.al\/wp-content\/uploads\/2025\/08\/izolim-akustik-300x292.jpg 300w, https:\/\/belson.al\/wp-content\/uploads\/2025\/08\/izolim-akustik-768x748.jpg 768w, https:\/\/belson.al\/wp-content\/uploads\/2025\/08\/izolim-akustik-12x12.jpg 12w\" sizes=\"(max-width: 956px) 100vw, 956px\" \/><\/div>\n\t\t<\/a>\n\t\t\t\t<div class=\"elementor-post__text\">\n\t\t\t\t<h3 class=\"elementor-post__title\">\n\t\t\t<a href=\"https:\/\/belson.al\/en\/izolim-akustik\/\" >\n\t\t\t\tIzolim Akustik\t\t\t<\/a>\n\t\t<\/h3>\n\t\t\t\t<div class=\"elementor-post__meta-data\">\n\t\t\t\t\t<span class=\"elementor-post-date\">\n\t\t\tAugust 27, 2025\t\t<\/span>\n\t\t\t\t<\/div>\n\t\t\t\t<div class=\"elementor-post__excerpt\">\n\t\t\t<p>Izolim akustik \u2013 Qet\u00ebsi n\u00eb \u00e7do hap\u00ebsir\u00eb N\u00eb nj\u00eb bot\u00eb t\u00eb mbushur me zhurm\u00eb, qet\u00ebsia \u00ebsht\u00eb luks. Dyert Belson me<\/p>\n\t\t<\/div>\n\t\t\n\t\t<a class=\"elementor-post__read-more\" href=\"https:\/\/belson.al\/en\/izolim-akustik\/\" aria-label=\"Read more about Izolim Akustik\" tabindex=\"-1\" >\n\t\t\tLexo me Shume\t\t<\/a>\n\n\t\t\t\t<\/div>\n\t\t\t\t<\/article>\n\t\t\t\t<article class=\"elementor-post elementor-grid-item post-1260 post type-post status-publish format-standard has-post-thumbnail hentry category-uncategorized\">\n\t\t\t\t<a class=\"elementor-post__thumbnail__link\" href=\"https:\/\/belson.al\/en\/izolim-termik\/\" tabindex=\"-1\" >\n\t\t\t<div class=\"elementor-post__thumbnail\"><img loading=\"lazy\" decoding=\"async\" width=\"956\" height=\"921\" src=\"https:\/\/belson.al\/wp-content\/uploads\/2025\/08\/izolim-termik-1.jpg\" class=\"attachment-full size-full wp-image-1308\" alt=\"\" srcset=\"https:\/\/belson.al\/wp-content\/uploads\/2025\/08\/izolim-termik-1.jpg 956w, https:\/\/belson.al\/wp-content\/uploads\/2025\/08\/izolim-termik-1-300x289.jpg 300w, https:\/\/belson.al\/wp-content\/uploads\/2025\/08\/izolim-termik-1-768x740.jpg 768w, https:\/\/belson.al\/wp-content\/uploads\/2025\/08\/izolim-termik-1-12x12.jpg 12w\" sizes=\"(max-width: 956px) 100vw, 956px\" \/><\/div>\n\t\t<\/a>\n\t\t\t\t<div class=\"elementor-post__text\">\n\t\t\t\t<h3 class=\"elementor-post__title\">\n\t\t\t<a href=\"https:\/\/belson.al\/en\/izolim-termik\/\" >\n\t\t\t\tIzolim Termik\t\t\t<\/a>\n\t\t<\/h3>\n\t\t\t\t<div class=\"elementor-post__meta-data\">\n\t\t\t\t\t<span class=\"elementor-post-date\">\n\t\t\tAugust 27, 2025\t\t<\/span>\n\t\t\t\t<\/div>\n\t\t\t\t<div class=\"elementor-post__excerpt\">\n\t\t\t<p>Izolim termik \u2013 Kurseni energji me dyert e duhura Nj\u00eb der\u00eb cil\u00ebsore nuk \u00ebsht\u00eb vet\u00ebm element estetik, por edhe funksional.<\/p>\n\t\t<\/div>\n\t\t\n\t\t<a class=\"elementor-post__read-more\" href=\"https:\/\/belson.al\/en\/izolim-termik\/\" aria-label=\"Read more about Izolim Termik\" tabindex=\"-1\" >\n\t\t\tLexo me Shume\t\t<\/a>\n\n\t\t\t\t<\/div>\n\t\t\t\t<\/article>\n\t\t\t\t<article class=\"elementor-post elementor-grid-item post-1250 post type-post status-publish format-standard has-post-thumbnail hentry category-uncategorized\">\n\t\t\t\t<a class=\"elementor-post__thumbnail__link\" href=\"https:\/\/belson.al\/en\/dyer-pvc\/\" tabindex=\"-1\" >\n\t\t\t<div class=\"elementor-post__thumbnail\"><img loading=\"lazy\" decoding=\"async\" width=\"956\" height=\"931\" src=\"https:\/\/belson.al\/wp-content\/uploads\/2025\/08\/dera-mobile-1-1.jpg\" class=\"attachment-full size-full wp-image-1312\" alt=\"\" srcset=\"https:\/\/belson.al\/wp-content\/uploads\/2025\/08\/dera-mobile-1-1.jpg 956w, https:\/\/belson.al\/wp-content\/uploads\/2025\/08\/dera-mobile-1-1-300x292.jpg 300w, https:\/\/belson.al\/wp-content\/uploads\/2025\/08\/dera-mobile-1-1-768x748.jpg 768w, https:\/\/belson.al\/wp-content\/uploads\/2025\/08\/dera-mobile-1-1-12x12.jpg 12w\" sizes=\"(max-width: 956px) 100vw, 956px\" \/><\/div>\n\t\t<\/a>\n\t\t\t\t<div class=\"elementor-post__text\">\n\t\t\t\t<h3 class=\"elementor-post__title\">\n\t\t\t<a href=\"https:\/\/belson.al\/en\/dyer-pvc\/\" >\n\t\t\t\tDyer PVC\t\t\t<\/a>\n\t\t<\/h3>\n\t\t\t\t<div class=\"elementor-post__meta-data\">\n\t\t\t\t\t<span class=\"elementor-post-date\">\n\t\t\tAugust 27, 2025\t\t<\/span>\n\t\t\t\t<\/div>\n\t\t\t\t<div class=\"elementor-post__excerpt\">\n\t\t\t<p>Dyer PVC \u2013 Minimaliz\u00ebm modern dhe funksionalitet Dyert PVC jan\u00eb ideale p\u00ebr ata q\u00eb k\u00ebrkojn\u00eb thjesht\u00ebsi dhe efikasitet. Te Belson,<\/p>\n\t\t<\/div>\n\t\t\n\t\t<a class=\"elementor-post__read-more\" href=\"https:\/\/belson.al\/en\/dyer-pvc\/\" aria-label=\"Read more about Dyer PVC\" tabindex=\"-1\" >\n\t\t\tLexo me Shume\t\t<\/a>\n\n\t\t\t\t<\/div>\n\t\t\t\t<\/article>\n\t\t\t\t<article class=\"elementor-post elementor-grid-item post-1236 post type-post status-publish format-standard has-post-thumbnail hentry category-uncategorized\">\n\t\t\t\t<a class=\"elementor-post__thumbnail__link\" href=\"https:\/\/belson.al\/en\/dyer-druri\/\" tabindex=\"-1\" >\n\t\t\t<div class=\"elementor-post__thumbnail\"><img loading=\"lazy\" decoding=\"async\" width=\"966\" height=\"937\" src=\"https:\/\/belson.al\/wp-content\/uploads\/2025\/06\/pa-tekst-03-min.jpg\" class=\"attachment-full size-full wp-image-405\" alt=\"\" srcset=\"https:\/\/belson.al\/wp-content\/uploads\/2025\/06\/pa-tekst-03-min.jpg 966w, https:\/\/belson.al\/wp-content\/uploads\/2025\/06\/pa-tekst-03-min-300x291.jpg 300w, https:\/\/belson.al\/wp-content\/uploads\/2025\/06\/pa-tekst-03-min-768x745.jpg 768w\" sizes=\"(max-width: 966px) 100vw, 966px\" \/><\/div>\n\t\t<\/a>\n\t\t\t\t<div class=\"elementor-post__text\">\n\t\t\t\t<h3 class=\"elementor-post__title\">\n\t\t\t<a href=\"https:\/\/belson.al\/en\/dyer-druri\/\" >\n\t\t\t\tDyer Druri\t\t\t<\/a>\n\t\t<\/h3>\n\t\t\t\t<div class=\"elementor-post__meta-data\">\n\t\t\t\t\t<span class=\"elementor-post-date\">\n\t\t\tAugust 27, 2025\t\t<\/span>\n\t\t\t\t<\/div>\n\t\t\t\t<div class=\"elementor-post__excerpt\">\n\t\t\t<p>Dyer druri \u2013 Eleganc\u00eb dhe q\u00ebndrueshm\u00ebri p\u00ebr sht\u00ebpin\u00eb tuaj Dyert e drurit jan\u00eb nj\u00eb zgjedhje klasike q\u00eb sjellin ngroht\u00ebsi dhe<\/p>\n\t\t<\/div>\n\t\t\n\t\t<a class=\"elementor-post__read-more\" href=\"https:\/\/belson.al\/en\/dyer-druri\/\" aria-label=\"Read more about Dyer Druri\" tabindex=\"-1\" >\n\t\t\tLexo me Shume\t\t<\/a>\n\n\t\t\t\t<\/div>\n\t\t\t\t<\/article>\n\t\t\t\t<article class=\"elementor-post elementor-grid-item post-1005 post type-post status-publish format-standard has-post-thumbnail hentry category-uncategorized\">\n\t\t\t\t<a class=\"elementor-post__thumbnail__link\" href=\"https:\/\/belson.al\/en\/transformo-shtepine-tende-me-teknologjine-smart\/\" tabindex=\"-1\" >\n\t\t\t<div class=\"elementor-post__thumbnail\"><img loading=\"lazy\" decoding=\"async\" width=\"956\" height=\"937\" src=\"https:\/\/belson.al\/wp-content\/uploads\/2025\/06\/smart-wc-03-min.jpg\" class=\"attachment-full size-full wp-image-437\" alt=\"\" srcset=\"https:\/\/belson.al\/wp-content\/uploads\/2025\/06\/smart-wc-03-min.jpg 956w, https:\/\/belson.al\/wp-content\/uploads\/2025\/06\/smart-wc-03-min-300x294.jpg 300w, https:\/\/belson.al\/wp-content\/uploads\/2025\/06\/smart-wc-03-min-768x753.jpg 768w\" sizes=\"(max-width: 956px) 100vw, 956px\" \/><\/div>\n\t\t<\/a>\n\t\t\t\t<div class=\"elementor-post__text\">\n\t\t\t\t<h3 class=\"elementor-post__title\">\n\t\t\t<a href=\"https:\/\/belson.al\/en\/transformo-shtepine-tende-me-teknologjine-smart\/\" >\n\t\t\t\tTransform Your Home with Smart Technology\t\t\t<\/a>\n\t\t<\/h3>\n\t\t\t\t<div class=\"elementor-post__meta-data\">\n\t\t\t\t\t<span class=\"elementor-post-date\">\n\t\t\tJune 9, 2025\t\t<\/span>\n\t\t\t\t<\/div>\n\t\t\t\t<div class=\"elementor-post__excerpt\">\n\t\t\t<p>We are in an era where technology is no longer a luxury, but a necessity. With Smart CW solutions, you can experience<\/p>\n\t\t<\/div>\n\t\t\n\t\t<a class=\"elementor-post__read-more\" href=\"https:\/\/belson.al\/en\/transformo-shtepine-tende-me-teknologjine-smart\/\" aria-label=\"Read more about Transformo Sht\u00ebpin\u00eb t\u00ebnde me Teknologjin\u00eb Smart\" tabindex=\"-1\" >\n\t\t\tLexo me Shume\t\t<\/a>\n\n\t\t\t\t<\/div>\n\t\t\t\t<\/article>\n\t\t\t\t<article class=\"elementor-post elementor-grid-item post-989 post type-post status-publish format-standard has-post-thumbnail hentry category-uncategorized\">\n\t\t\t\t<a class=\"elementor-post__thumbnail__link\" href=\"https:\/\/belson.al\/en\/si-te-zgjidhni-dyer-te-brendshme\/\" tabindex=\"-1\" >\n\t\t\t<div class=\"elementor-post__thumbnail\"><img loading=\"lazy\" decoding=\"async\" width=\"966\" height=\"937\" src=\"https:\/\/belson.al\/wp-content\/uploads\/2025\/06\/Untitled-design.jpg\" class=\"attachment-full size-full wp-image-642\" alt=\"\" srcset=\"https:\/\/belson.al\/wp-content\/uploads\/2025\/06\/Untitled-design.jpg 966w, https:\/\/belson.al\/wp-content\/uploads\/2025\/06\/Untitled-design-300x291.jpg 300w, https:\/\/belson.al\/wp-content\/uploads\/2025\/06\/Untitled-design-768x745.jpg 768w\" sizes=\"(max-width: 966px) 100vw, 966px\" \/><\/div>\n\t\t<\/a>\n\t\t\t\t<div class=\"elementor-post__text\">\n\t\t\t\t<h3 class=\"elementor-post__title\">\n\t\t\t<a href=\"https:\/\/belson.al\/en\/si-te-zgjidhni-dyer-te-brendshme\/\" >\n\t\t\t\tHow to Choose Interior Doors for Your Home\t\t\t<\/a>\n\t\t<\/h3>\n\t\t\t\t<div class=\"elementor-post__meta-data\">\n\t\t\t\t\t<span class=\"elementor-post-date\">\n\t\t\tJune 9, 2025\t\t<\/span>\n\t\t\t\t<\/div>\n\t\t\t\t<div class=\"elementor-post__excerpt\">\n\t\t\t<p>When it comes to finishing the decor of a home, interior doors are often an underestimated element, but<\/p>\n\t\t<\/div>\n\t\t\n\t\t<a class=\"elementor-post__read-more\" href=\"https:\/\/belson.al\/en\/si-te-zgjidhni-dyer-te-brendshme\/\" aria-label=\"Read more about Si t\u00eb Zgjidhni Dyer t\u00eb Brendshme p\u00ebr Sht\u00ebpin\u00eb Tuaj\" tabindex=\"-1\" >\n\t\t\tLexo me Shume\t\t<\/a>\n\n\t\t\t\t<\/div>\n\t\t\t\t<\/article>\n\t\t\t\t<\/div>\n\t\t\n\t\t\t\t\t\t<\/div>\n\t\t\t\t<\/div>\n\t\t\t\t<div class=\"elementor-element elementor-element-3c6fdbc1 elementor-widget__width-auto elementor-absolute elementor-widget elementor-widget-heading\" data-id=\"3c6fdbc1\" data-element_type=\"widget\" data-e-type=\"widget\" data-settings=\"{&quot;_position&quot;:&quot;absolute&quot;}\" data-widget_type=\"heading.default\">\n\t\t\t\t<div class=\"elementor-widget-container\">\n\t\t\t\t\t<h2 class=\"elementor-heading-title elementor-size-default\">01<\/h2>\t\t\t\t<\/div>\n\t\t\t\t<\/div>\n\t\t\t\t\t<\/div>\n\t\t<\/div>\n\t\t\t\t\t<\/div>\n\t\t<\/section>\n\t\t\t\t<\/div>","protected":false},"excerpt":{"rendered":"<p>Lajme dhe Artikuj Lajmet tona m\u00eb t\u00eb fundit 01<\/p>","protected":false},"author":1,"featured_media":0,"parent":0,"menu_order":0,"comment_status":"closed","ping_status":"closed","template":"elementor_header_footer","meta":{"footnotes":""},"class_list":["post-1016","page","type-page","status-publish","hentry"],"yoast_head":"<!-- This site is optimized with the Yoast SEO plugin v27.5 - https:\/\/yoast.com\/product\/yoast-seo-wordpress\/ -->\n<title>Blog - belson.al<\/title>\n<meta name=\"robots\" content=\"index, follow, max-snippet:-1, max-image-preview:large, max-video-preview:-1\" \/>\n<link rel=\"canonical\" href=\"https:\/\/belson.al\/en\/blog\/\" \/>\n<meta property=\"og:locale\" content=\"en_US\" \/>\n<meta property=\"og:type\" content=\"article\" \/>\n<meta property=\"og:title\" content=\"Blog - belson.al\" \/>\n<meta property=\"og:description\" content=\"Lajme dhe Artikuj Lajmet tona m\u00eb t\u00eb fundit 01\" \/>\n<meta property=\"og:url\" content=\"https:\/\/belson.al\/en\/blog\/\" \/>\n<meta property=\"og:site_name\" content=\"belson.al\" \/>\n<meta property=\"article:publisher\" content=\"https:\/\/www.facebook.com\/belsongm.group\/\" \/>\n<meta property=\"article:modified_time\" content=\"2025-08-27T09:23:33+00:00\" \/>\n<meta name=\"twitter:card\" content=\"summary_large_image\" \/>\n<meta name=\"twitter:label1\" content=\"Est. reading time\" \/>\n\t<meta name=\"twitter:data1\" content=\"3 minutes\" \/>\n<script type=\"application\/ld+json\" class=\"yoast-schema-graph\">{\"@context\":\"https:\\\/\\\/schema.org\",\"@graph\":[{\"@type\":\"WebPage\",\"@id\":\"https:\\\/\\\/belson.al\\\/blog\\\/\",\"url\":\"https:\\\/\\\/belson.al\\\/blog\\\/\",\"name\":\"Blog - belson.al\",\"isPartOf\":{\"@id\":\"https:\\\/\\\/belson.al\\\/#website\"},\"datePublished\":\"2025-06-09T13:49:46+00:00\",\"dateModified\":\"2025-08-27T09:23:33+00:00\",\"breadcrumb\":{\"@id\":\"https:\\\/\\\/belson.al\\\/blog\\\/#breadcrumb\"},\"inLanguage\":\"en-US\",\"potentialAction\":[{\"@type\":\"ReadAction\",\"target\":[\"https:\\\/\\\/belson.al\\\/blog\\\/\"]}]},{\"@type\":\"BreadcrumbList\",\"@id\":\"https:\\\/\\\/belson.al\\\/blog\\\/#breadcrumb\",\"itemListElement\":[{\"@type\":\"ListItem\",\"position\":1,\"name\":\"Home\",\"item\":\"https:\\\/\\\/belson.al\\\/\"},{\"@type\":\"ListItem\",\"position\":2,\"name\":\"Blog\"}]},{\"@type\":\"WebSite\",\"@id\":\"https:\\\/\\\/belson.al\\\/#website\",\"url\":\"https:\\\/\\\/belson.al\\\/\",\"name\":\"belson.al\",\"description\":\"\",\"publisher\":{\"@id\":\"https:\\\/\\\/belson.al\\\/#organization\"},\"potentialAction\":[{\"@type\":\"SearchAction\",\"target\":{\"@type\":\"EntryPoint\",\"urlTemplate\":\"https:\\\/\\\/belson.al\\\/?s={search_term_string}\"},\"query-input\":{\"@type\":\"PropertyValueSpecification\",\"valueRequired\":true,\"valueName\":\"search_term_string\"}}],\"inLanguage\":\"en-US\"},{\"@type\":\"Organization\",\"@id\":\"https:\\\/\\\/belson.al\\\/#organization\",\"name\":\"belson.al\",\"url\":\"https:\\\/\\\/belson.al\\\/\",\"logo\":{\"@type\":\"ImageObject\",\"inLanguage\":\"en-US\",\"@id\":\"https:\\\/\\\/belson.al\\\/#\\\/schema\\\/logo\\\/image\\\/\",\"url\":\"https:\\\/\\\/belson.al\\\/wp-content\\\/uploads\\\/2025\\\/05\\\/belson-png-02-scaled.png\",\"contentUrl\":\"https:\\\/\\\/belson.al\\\/wp-content\\\/uploads\\\/2025\\\/05\\\/belson-png-02-scaled.png\",\"width\":2560,\"height\":1013,\"caption\":\"belson.al\"},\"image\":{\"@id\":\"https:\\\/\\\/belson.al\\\/#\\\/schema\\\/logo\\\/image\\\/\"},\"sameAs\":[\"https:\\\/\\\/www.facebook.com\\\/belsongm.group\\\/\"]}]}<\/script>\n<!-- \/ Yoast SEO plugin. -->","yoast_head_json":{"title":"Blog - belson.al","robots":{"index":"index","follow":"follow","max-snippet":"max-snippet:-1","max-image-preview":"max-image-preview:large","max-video-preview":"max-video-preview:-1"},"canonical":"https:\/\/belson.al\/en\/blog\/","og_locale":"en_US","og_type":"article","og_title":"Blog - belson.al","og_description":"Lajme dhe Artikuj Lajmet tona m\u00eb t\u00eb fundit 01","og_url":"https:\/\/belson.al\/en\/blog\/","og_site_name":"belson.al","article_publisher":"https:\/\/www.facebook.com\/belsongm.group\/","article_modified_time":"2025-08-27T09:23:33+00:00","twitter_card":"summary_large_image","twitter_misc":{"Est. reading time":"3 minutes"},"schema":{"@context":"https:\/\/schema.org","@graph":[{"@type":"WebPage","@id":"https:\/\/belson.al\/blog\/","url":"https:\/\/belson.al\/blog\/","name":"Blog - belson.al","isPartOf":{"@id":"https:\/\/belson.al\/#website"},"datePublished":"2025-06-09T13:49:46+00:00","dateModified":"2025-08-27T09:23:33+00:00","breadcrumb":{"@id":"https:\/\/belson.al\/blog\/#breadcrumb"},"inLanguage":"en-US","potentialAction":[{"@type":"ReadAction","target":["https:\/\/belson.al\/blog\/"]}]},{"@type":"BreadcrumbList","@id":"https:\/\/belson.al\/blog\/#breadcrumb","itemListElement":[{"@type":"ListItem","position":1,"name":"Home","item":"https:\/\/belson.al\/"},{"@type":"ListItem","position":2,"name":"Blog"}]},{"@type":"WebSite","@id":"https:\/\/belson.al\/#website","url":"https:\/\/belson.al\/","name":"belson.al","description":"","publisher":{"@id":"https:\/\/belson.al\/#organization"},"potentialAction":[{"@type":"SearchAction","target":{"@type":"EntryPoint","urlTemplate":"https:\/\/belson.al\/?s={search_term_string}"},"query-input":{"@type":"PropertyValueSpecification","valueRequired":true,"valueName":"search_term_string"}}],"inLanguage":"en-US"},{"@type":"Organization","@id":"https:\/\/belson.al\/#organization","name":"belson.al","url":"https:\/\/belson.al\/","logo":{"@type":"ImageObject","inLanguage":"en-US","@id":"https:\/\/belson.al\/#\/schema\/logo\/image\/","url":"https:\/\/belson.al\/wp-content\/uploads\/2025\/05\/belson-png-02-scaled.png","contentUrl":"https:\/\/belson.al\/wp-content\/uploads\/2025\/05\/belson-png-02-scaled.png","width":2560,"height":1013,"caption":"belson.al"},"image":{"@id":"https:\/\/belson.al\/#\/schema\/logo\/image\/"},"sameAs":["https:\/\/www.facebook.com\/belsongm.group\/"]}]}},"_links":{"self":[{"href":"https:\/\/belson.al\/en\/wp-json\/wp\/v2\/pages\/1016","targetHints":{"allow":["GET"]}}],"collection":[{"href":"https:\/\/belson.al\/en\/wp-json\/wp\/v2\/pages"}],"about":[{"href":"https:\/\/belson.al\/en\/wp-json\/wp\/v2\/types\/page"}],"author":[{"embeddable":true,"href":"https:\/\/belson.al\/en\/wp-json\/wp\/v2\/users\/1"}],"replies":[{"embeddable":true,"href":"https:\/\/belson.al\/en\/wp-json\/wp\/v2\/comments?post=1016"}],"version-history":[{"count":13,"href":"https:\/\/belson.al\/en\/wp-json\/wp\/v2\/pages\/1016\/revisions"}],"predecessor-version":[{"id":1299,"href":"https:\/\/belson.al\/en\/wp-json\/wp\/v2\/pages\/1016\/revisions\/1299"}],"wp:attachment":[{"href":"https:\/\/belson.al\/en\/wp-json\/wp\/v2\/media?parent=1016"}],"curies":[{"name":"wp","href":"https:\/\/api.w.org\/{rel}","templated":true}]}}