{"id":21,"date":"2025-05-13T07:50:51","date_gmt":"2025-05-13T07:50:51","guid":{"rendered":"https:\/\/belson.al\/shop\/"},"modified":"2025-06-08T22:34:41","modified_gmt":"2025-06-08T22:34:41","slug":"produket-tona","status":"publish","type":"page","link":"https:\/\/belson.al\/en\/produket-tona\/","title":{"rendered":"Our Products"},"content":{"rendered":"<div data-elementor-type=\"wp-page\" data-elementor-id=\"21\" class=\"elementor elementor-21\" data-elementor-post-type=\"page\">\n\t\t\t\t\t\t<section class=\"elementor-section elementor-top-section elementor-element elementor-element-f2d4cd7 elementor-section-boxed elementor-section-height-default elementor-section-height-default\" data-id=\"f2d4cd7\" data-element_type=\"section\" data-e-type=\"section\" data-settings=\"{&quot;background_background&quot;:&quot;gradient&quot;}\">\n\t\t\t\t\t\t<div class=\"elementor-container elementor-column-gap-default\">\n\t\t\t\t\t<div class=\"elementor-column elementor-col-50 elementor-top-column elementor-element elementor-element-1a85cf9\" data-id=\"1a85cf9\" data-element_type=\"column\" data-e-type=\"column\">\n\t\t\t<div class=\"elementor-widget-wrap elementor-element-populated\">\n\t\t\t\t\t\t\t<\/div>\n\t\t<\/div>\n\t\t\t\t<div class=\"elementor-column elementor-col-50 elementor-top-column elementor-element elementor-element-dd1dbfb\" data-id=\"dd1dbfb\" data-element_type=\"column\" data-e-type=\"column\">\n\t\t\t<div class=\"elementor-widget-wrap\">\n\t\t\t\t\t\t\t<\/div>\n\t\t<\/div>\n\t\t\t\t\t<\/div>\n\t\t<\/section>\n\t\t<div class=\"elementor-element elementor-element-db7e214 e-flex e-con-boxed e-con e-parent\" data-id=\"db7e214\" data-element_type=\"container\" data-e-type=\"container\">\n\t\t\t\t\t<div class=\"e-con-inner\">\n\t\t<div class=\"elementor-element elementor-element-029af4c e-grid e-con-full e-con e-child\" data-id=\"029af4c\" data-element_type=\"container\" data-e-type=\"container\">\n\t\t\t\t<div class=\"elementor-element elementor-element-55c5dce elementor-position-top elementor-widget elementor-widget-image-box\" data-id=\"55c5dce\" data-element_type=\"widget\" data-e-type=\"widget\" data-widget_type=\"image-box.default\">\n\t\t\t\t<div class=\"elementor-widget-container\">\n\t\t\t\t\t<div class=\"elementor-image-box-wrapper\"><figure class=\"elementor-image-box-img\"><a href=\"https:\/\/belson.al\/en\/produket-tona\/dyer\/\" tabindex=\"-1\"><img fetchpriority=\"high\" decoding=\"async\" width=\"966\" height=\"937\" src=\"https:\/\/belson.al\/wp-content\/uploads\/2025\/06\/Untitled-design.jpg\" class=\"attachment-full size-full wp-image-642\" alt=\"\" srcset=\"https:\/\/belson.al\/wp-content\/uploads\/2025\/06\/Untitled-design.jpg 966w, https:\/\/belson.al\/wp-content\/uploads\/2025\/06\/Untitled-design-300x291.jpg 300w, https:\/\/belson.al\/wp-content\/uploads\/2025\/06\/Untitled-design-768x745.jpg 768w\" sizes=\"(max-width: 966px) 100vw, 966px\" \/><\/a><\/figure><div class=\"elementor-image-box-content\"><h3 class=\"elementor-image-box-title\"><a href=\"https:\/\/belson.al\/en\/produket-tona\/dyer\/\">Doors<\/a><\/h3><p class=\"elementor-image-box-description\">Modele elegante druri n\u00eb nuanca t\u00eb ngrohta, tek dyert minimaliste PVC me dizajne moderne.\u00c7do der\u00eb \u00ebsht\u00eb e prodhuar...<\/p><\/div><\/div>\t\t\t\t<\/div>\n\t\t\t\t<\/div>\n\t\t\t\t<div class=\"elementor-element elementor-element-43bdf51 elementor-position-top elementor-widget elementor-widget-image-box\" data-id=\"43bdf51\" data-element_type=\"widget\" data-e-type=\"widget\" data-widget_type=\"image-box.default\">\n\t\t\t\t<div class=\"elementor-widget-container\">\n\t\t\t\t\t<div class=\"elementor-image-box-wrapper\"><figure class=\"elementor-image-box-img\"><a href=\"https:\/\/belson.al\/en\/produket-tona\/veshjet-murale\/\" tabindex=\"-1\"><img decoding=\"async\" width=\"966\" height=\"937\" src=\"https:\/\/belson.al\/wp-content\/uploads\/2025\/06\/pa-tekst-03-min.jpg\" class=\"attachment-full size-full wp-image-405\" alt=\"\" srcset=\"https:\/\/belson.al\/wp-content\/uploads\/2025\/06\/pa-tekst-03-min.jpg 966w, https:\/\/belson.al\/wp-content\/uploads\/2025\/06\/pa-tekst-03-min-300x291.jpg 300w, https:\/\/belson.al\/wp-content\/uploads\/2025\/06\/pa-tekst-03-min-768x745.jpg 768w\" sizes=\"(max-width: 966px) 100vw, 966px\" \/><\/a><\/figure><div class=\"elementor-image-box-content\"><h3 class=\"elementor-image-box-title\"><a href=\"https:\/\/belson.al\/en\/produket-tona\/veshjet-murale\/\">Veshje Murale<\/a><\/h3><p class=\"elementor-image-box-description\">Panelet dhe veshjet murale ofrojne nj\u00ea gam\u00e9 te gjere opsionesh dizajni per t\u2019u pershtatur me \u00e7do stil nga struktura druri te...<\/p><\/div><\/div>\t\t\t\t<\/div>\n\t\t\t\t<\/div>\n\t\t\t\t<div class=\"elementor-element elementor-element-fc50326 elementor-position-top elementor-widget elementor-widget-image-box\" data-id=\"fc50326\" data-element_type=\"widget\" data-e-type=\"widget\" data-widget_type=\"image-box.default\">\n\t\t\t\t<div class=\"elementor-widget-container\">\n\t\t\t\t\t<div class=\"elementor-image-box-wrapper\"><figure class=\"elementor-image-box-img\"><a href=\"https:\/\/belson.al\/en\/produket-tona\/mishelator\/\" tabindex=\"-1\"><img decoding=\"async\" width=\"956\" height=\"937\" src=\"https:\/\/belson.al\/wp-content\/uploads\/2025\/06\/mishelator-03-min.jpg\" class=\"attachment-full size-full wp-image-448\" alt=\"\" srcset=\"https:\/\/belson.al\/wp-content\/uploads\/2025\/06\/mishelator-03-min.jpg 956w, https:\/\/belson.al\/wp-content\/uploads\/2025\/06\/mishelator-03-min-300x294.jpg 300w, https:\/\/belson.al\/wp-content\/uploads\/2025\/06\/mishelator-03-min-768x753.jpg 768w\" sizes=\"(max-width: 956px) 100vw, 956px\" \/><\/a><\/figure><div class=\"elementor-image-box-content\"><h3 class=\"elementor-image-box-title\"><a href=\"https:\/\/belson.al\/en\/produket-tona\/mishelator\/\">Mishelarot<\/a><\/h3><p class=\"elementor-image-box-description\">Game e gier\u00eb lavamanesh perfshin modele minimaliste te geramikes s\u00eb bardhe lavamane ne gur artificial, dhe zgjidhje...<\/p><\/div><\/div>\t\t\t\t<\/div>\n\t\t\t\t<\/div>\n\t\t\t\t<div class=\"elementor-element elementor-element-43a901d elementor-position-top elementor-widget elementor-widget-image-box\" data-id=\"43a901d\" data-element_type=\"widget\" data-e-type=\"widget\" data-widget_type=\"image-box.default\">\n\t\t\t\t<div class=\"elementor-widget-container\">\n\t\t\t\t\t<div class=\"elementor-image-box-wrapper\"><figure class=\"elementor-image-box-img\"><a href=\"https:\/\/belson.al\/en\/produket-tona\/dyer\/\" tabindex=\"-1\"><img loading=\"lazy\" decoding=\"async\" width=\"956\" height=\"937\" src=\"https:\/\/belson.al\/wp-content\/uploads\/2025\/06\/smart-wc-03-min.jpg\" class=\"attachment-full size-full wp-image-437\" alt=\"\" srcset=\"https:\/\/belson.al\/wp-content\/uploads\/2025\/06\/smart-wc-03-min.jpg 956w, https:\/\/belson.al\/wp-content\/uploads\/2025\/06\/smart-wc-03-min-300x294.jpg 300w, https:\/\/belson.al\/wp-content\/uploads\/2025\/06\/smart-wc-03-min-768x753.jpg 768w\" sizes=\"(max-width: 956px) 100vw, 956px\" \/><\/a><\/figure><div class=\"elementor-image-box-content\"><h3 class=\"elementor-image-box-title\"><a href=\"https:\/\/belson.al\/en\/produket-tona\/dyer\/\">Smart Wc<\/a><\/h3><p class=\"elementor-image-box-description\">N\u00eb Belson, pajisjet e tualetit jane projektuar per te ofruar komoditet maksimal dhe teknologji te avancuar....<\/p><\/div><\/div>\t\t\t\t<\/div>\n\t\t\t\t<\/div>\n\t\t\t\t<\/div>\n\t\t\t\t\t<\/div>\n\t\t\t\t<\/div>\n\t\t\t\t<\/div>","protected":false},"excerpt":{"rendered":"<p>Dyer Modele elegante druri n\u00eb nuanca t\u00eb ngrohta, tek dyert minimaliste PVC me dizajne moderne.\u00c7do der\u00eb \u00ebsht\u00eb e prodhuar&#8230; Veshje Murale Panelet dhe veshjet murale ofrojne nj\u00ea gam\u00e9 te gjere opsionesh dizajni per t\u2019u pershtatur me \u00e7do stil nga struktura druri te&#8230; Mishelarot Game e gier\u00eb lavamanesh perfshin modele minimaliste te geramikes s\u00eb bardhe lavamane [&hellip;]<\/p>\n","protected":false},"author":1,"featured_media":0,"parent":0,"menu_order":0,"comment_status":"closed","ping_status":"closed","template":"elementor_header_footer","meta":{"footnotes":""},"class_list":["post-21","page","type-page","status-publish","hentry"],"yoast_head":"<!-- This site is optimized with the Yoast SEO plugin v27.5 - https:\/\/yoast.com\/product\/yoast-seo-wordpress\/ -->\n<title>Produket Tona - belson.al<\/title>\n<meta name=\"robots\" content=\"index, follow, max-snippet:-1, max-image-preview:large, max-video-preview:-1\" \/>\n<link rel=\"canonical\" href=\"https:\/\/belson.al\/en\/produket-tona\/\" \/>\n<meta property=\"og:locale\" content=\"en_US\" \/>\n<meta property=\"og:type\" content=\"article\" \/>\n<meta property=\"og:title\" content=\"Produket Tona - belson.al\" \/>\n<meta property=\"og:description\" content=\"Dyer Modele elegante druri n\u00eb nuanca t\u00eb ngrohta, tek dyert minimaliste PVC me dizajne moderne.\u00c7do der\u00eb \u00ebsht\u00eb e prodhuar&#8230; Veshje Murale Panelet dhe veshjet murale ofrojne nj\u00ea gam\u00e9 te gjere opsionesh dizajni per t\u2019u pershtatur me \u00e7do stil nga struktura druri te&#8230; Mishelarot Game e gier\u00eb lavamanesh perfshin modele minimaliste te geramikes s\u00eb bardhe lavamane [&hellip;]\" \/>\n<meta property=\"og:url\" content=\"https:\/\/belson.al\/en\/produket-tona\/\" \/>\n<meta property=\"og:site_name\" content=\"belson.al\" \/>\n<meta property=\"article:publisher\" content=\"https:\/\/www.facebook.com\/belsongm.group\/\" \/>\n<meta property=\"article:modified_time\" content=\"2025-06-08T22:34:41+00:00\" \/>\n<meta property=\"og:image\" content=\"https:\/\/belson.al\/wp-content\/uploads\/2025\/06\/Untitled-design.jpg\" \/>\n\t<meta property=\"og:image:width\" content=\"966\" \/>\n\t<meta property=\"og:image:height\" content=\"937\" \/>\n\t<meta property=\"og:image:type\" content=\"image\/jpeg\" \/>\n<meta name=\"twitter:card\" content=\"summary_large_image\" \/>\n<script type=\"application\/ld+json\" class=\"yoast-schema-graph\">{\"@context\":\"https:\\\/\\\/schema.org\",\"@graph\":[{\"@type\":\"WebPage\",\"@id\":\"https:\\\/\\\/belson.al\\\/produket-tona\\\/\",\"url\":\"https:\\\/\\\/belson.al\\\/produket-tona\\\/\",\"name\":\"Produket Tona - belson.al\",\"isPartOf\":{\"@id\":\"https:\\\/\\\/belson.al\\\/#website\"},\"primaryImageOfPage\":{\"@id\":\"https:\\\/\\\/belson.al\\\/produket-tona\\\/#primaryimage\"},\"image\":{\"@id\":\"https:\\\/\\\/belson.al\\\/produket-tona\\\/#primaryimage\"},\"thumbnailUrl\":\"https:\\\/\\\/belson.al\\\/wp-content\\\/uploads\\\/2025\\\/06\\\/Untitled-design.jpg\",\"datePublished\":\"2025-05-13T07:50:51+00:00\",\"dateModified\":\"2025-06-08T22:34:41+00:00\",\"breadcrumb\":{\"@id\":\"https:\\\/\\\/belson.al\\\/produket-tona\\\/#breadcrumb\"},\"inLanguage\":\"en-US\",\"potentialAction\":[{\"@type\":\"ReadAction\",\"target\":[\"https:\\\/\\\/belson.al\\\/produket-tona\\\/\"]}]},{\"@type\":\"ImageObject\",\"inLanguage\":\"en-US\",\"@id\":\"https:\\\/\\\/belson.al\\\/produket-tona\\\/#primaryimage\",\"url\":\"https:\\\/\\\/belson.al\\\/wp-content\\\/uploads\\\/2025\\\/06\\\/Untitled-design.jpg\",\"contentUrl\":\"https:\\\/\\\/belson.al\\\/wp-content\\\/uploads\\\/2025\\\/06\\\/Untitled-design.jpg\"},{\"@type\":\"BreadcrumbList\",\"@id\":\"https:\\\/\\\/belson.al\\\/produket-tona\\\/#breadcrumb\",\"itemListElement\":[{\"@type\":\"ListItem\",\"position\":1,\"name\":\"Home\",\"item\":\"https:\\\/\\\/belson.al\\\/\"},{\"@type\":\"ListItem\",\"position\":2,\"name\":\"Produket Tona\"}]},{\"@type\":\"WebSite\",\"@id\":\"https:\\\/\\\/belson.al\\\/#website\",\"url\":\"https:\\\/\\\/belson.al\\\/\",\"name\":\"belson.al\",\"description\":\"\",\"publisher\":{\"@id\":\"https:\\\/\\\/belson.al\\\/#organization\"},\"potentialAction\":[{\"@type\":\"SearchAction\",\"target\":{\"@type\":\"EntryPoint\",\"urlTemplate\":\"https:\\\/\\\/belson.al\\\/?s={search_term_string}\"},\"query-input\":{\"@type\":\"PropertyValueSpecification\",\"valueRequired\":true,\"valueName\":\"search_term_string\"}}],\"inLanguage\":\"en-US\"},{\"@type\":\"Organization\",\"@id\":\"https:\\\/\\\/belson.al\\\/#organization\",\"name\":\"belson.al\",\"url\":\"https:\\\/\\\/belson.al\\\/\",\"logo\":{\"@type\":\"ImageObject\",\"inLanguage\":\"en-US\",\"@id\":\"https:\\\/\\\/belson.al\\\/#\\\/schema\\\/logo\\\/image\\\/\",\"url\":\"https:\\\/\\\/belson.al\\\/wp-content\\\/uploads\\\/2025\\\/05\\\/belson-png-02-scaled.png\",\"contentUrl\":\"https:\\\/\\\/belson.al\\\/wp-content\\\/uploads\\\/2025\\\/05\\\/belson-png-02-scaled.png\",\"width\":2560,\"height\":1013,\"caption\":\"belson.al\"},\"image\":{\"@id\":\"https:\\\/\\\/belson.al\\\/#\\\/schema\\\/logo\\\/image\\\/\"},\"sameAs\":[\"https:\\\/\\\/www.facebook.com\\\/belsongm.group\\\/\"]}]}<\/script>\n<!-- \/ Yoast SEO plugin. -->","yoast_head_json":{"title":"Produket Tona - belson.al","robots":{"index":"index","follow":"follow","max-snippet":"max-snippet:-1","max-image-preview":"max-image-preview:large","max-video-preview":"max-video-preview:-1"},"canonical":"https:\/\/belson.al\/en\/produket-tona\/","og_locale":"en_US","og_type":"article","og_title":"Produket Tona - belson.al","og_description":"Dyer Modele elegante druri n\u00eb nuanca t\u00eb ngrohta, tek dyert minimaliste PVC me dizajne moderne.\u00c7do der\u00eb \u00ebsht\u00eb e prodhuar&#8230; Veshje Murale Panelet dhe veshjet murale ofrojne nj\u00ea gam\u00e9 te gjere opsionesh dizajni per t\u2019u pershtatur me \u00e7do stil nga struktura druri te&#8230; Mishelarot Game e gier\u00eb lavamanesh perfshin modele minimaliste te geramikes s\u00eb bardhe lavamane [&hellip;]","og_url":"https:\/\/belson.al\/en\/produket-tona\/","og_site_name":"belson.al","article_publisher":"https:\/\/www.facebook.com\/belsongm.group\/","article_modified_time":"2025-06-08T22:34:41+00:00","og_image":[{"width":966,"height":937,"url":"https:\/\/belson.al\/wp-content\/uploads\/2025\/06\/Untitled-design.jpg","type":"image\/jpeg"}],"twitter_card":"summary_large_image","schema":{"@context":"https:\/\/schema.org","@graph":[{"@type":"WebPage","@id":"https:\/\/belson.al\/produket-tona\/","url":"https:\/\/belson.al\/produket-tona\/","name":"Produket Tona - belson.al","isPartOf":{"@id":"https:\/\/belson.al\/#website"},"primaryImageOfPage":{"@id":"https:\/\/belson.al\/produket-tona\/#primaryimage"},"image":{"@id":"https:\/\/belson.al\/produket-tona\/#primaryimage"},"thumbnailUrl":"https:\/\/belson.al\/wp-content\/uploads\/2025\/06\/Untitled-design.jpg","datePublished":"2025-05-13T07:50:51+00:00","dateModified":"2025-06-08T22:34:41+00:00","breadcrumb":{"@id":"https:\/\/belson.al\/produket-tona\/#breadcrumb"},"inLanguage":"en-US","potentialAction":[{"@type":"ReadAction","target":["https:\/\/belson.al\/produket-tona\/"]}]},{"@type":"ImageObject","inLanguage":"en-US","@id":"https:\/\/belson.al\/produket-tona\/#primaryimage","url":"https:\/\/belson.al\/wp-content\/uploads\/2025\/06\/Untitled-design.jpg","contentUrl":"https:\/\/belson.al\/wp-content\/uploads\/2025\/06\/Untitled-design.jpg"},{"@type":"BreadcrumbList","@id":"https:\/\/belson.al\/produket-tona\/#breadcrumb","itemListElement":[{"@type":"ListItem","position":1,"name":"Home","item":"https:\/\/belson.al\/"},{"@type":"ListItem","position":2,"name":"Produket Tona"}]},{"@type":"WebSite","@id":"https:\/\/belson.al\/#website","url":"https:\/\/belson.al\/","name":"belson.al","description":"","publisher":{"@id":"https:\/\/belson.al\/#organization"},"potentialAction":[{"@type":"SearchAction","target":{"@type":"EntryPoint","urlTemplate":"https:\/\/belson.al\/?s={search_term_string}"},"query-input":{"@type":"PropertyValueSpecification","valueRequired":true,"valueName":"search_term_string"}}],"inLanguage":"en-US"},{"@type":"Organization","@id":"https:\/\/belson.al\/#organization","name":"belson.al","url":"https:\/\/belson.al\/","logo":{"@type":"ImageObject","inLanguage":"en-US","@id":"https:\/\/belson.al\/#\/schema\/logo\/image\/","url":"https:\/\/belson.al\/wp-content\/uploads\/2025\/05\/belson-png-02-scaled.png","contentUrl":"https:\/\/belson.al\/wp-content\/uploads\/2025\/05\/belson-png-02-scaled.png","width":2560,"height":1013,"caption":"belson.al"},"image":{"@id":"https:\/\/belson.al\/#\/schema\/logo\/image\/"},"sameAs":["https:\/\/www.facebook.com\/belsongm.group\/"]}]}},"_links":{"self":[{"href":"https:\/\/belson.al\/en\/wp-json\/wp\/v2\/pages\/21","targetHints":{"allow":["GET"]}}],"collection":[{"href":"https:\/\/belson.al\/en\/wp-json\/wp\/v2\/pages"}],"about":[{"href":"https:\/\/belson.al\/en\/wp-json\/wp\/v2\/types\/page"}],"author":[{"embeddable":true,"href":"https:\/\/belson.al\/en\/wp-json\/wp\/v2\/users\/1"}],"replies":[{"embeddable":true,"href":"https:\/\/belson.al\/en\/wp-json\/wp\/v2\/comments?post=21"}],"version-history":[{"count":38,"href":"https:\/\/belson.al\/en\/wp-json\/wp\/v2\/pages\/21\/revisions"}],"predecessor-version":[{"id":797,"href":"https:\/\/belson.al\/en\/wp-json\/wp\/v2\/pages\/21\/revisions\/797"}],"wp:attachment":[{"href":"https:\/\/belson.al\/en\/wp-json\/wp\/v2\/media?parent=21"}],"curies":[{"name":"wp","href":"https:\/\/api.w.org\/{rel}","templated":true}]}}