{"id":261,"date":"2025-06-03T12:29:59","date_gmt":"2025-06-03T12:29:59","guid":{"rendered":"https:\/\/belson.al\/?page_id=261"},"modified":"2025-06-25T09:32:08","modified_gmt":"2025-06-25T09:32:08","slug":"dyer","status":"publish","type":"page","link":"https:\/\/belson.al\/it\/produket-tona\/dyer\/","title":{"rendered":"Porte"},"content":{"rendered":"<div data-elementor-type=\"wp-page\" data-elementor-id=\"261\" class=\"elementor elementor-261\" data-elementor-post-type=\"page\">\n\t\t\t\t<div class=\"elementor-element elementor-element-9afdac0 e-con-full e-flex e-con e-parent\" data-id=\"9afdac0\" data-element_type=\"container\" data-e-type=\"container\" data-settings=\"{&quot;background_background&quot;:&quot;classic&quot;}\">\n\t\t<div class=\"elementor-element elementor-element-1230869 e-flex e-con-boxed e-con e-child\" data-id=\"1230869\" data-element_type=\"container\" data-e-type=\"container\">\n\t\t\t\t\t<div class=\"e-con-inner\">\n\t\t\t\t\t<\/div>\n\t\t\t\t<\/div>\n\t\t<div class=\"elementor-element elementor-element-76c7b9b e-flex e-con-boxed e-con e-child\" data-id=\"76c7b9b\" data-element_type=\"container\" data-e-type=\"container\">\n\t\t\t\t\t<div class=\"e-con-inner\">\n\t\t\t\t<div class=\"elementor-element elementor-element-5a2370e elementor-widget elementor-widget-heading\" data-id=\"5a2370e\" data-element_type=\"widget\" data-e-type=\"widget\" data-widget_type=\"heading.default\">\n\t\t\t\t<div class=\"elementor-widget-container\">\n\t\t\t\t\t<h2 class=\"elementor-heading-title elementor-size-default\">P\u00ebr \u00e7do hapsir\u00eb<\/h2>\t\t\t\t<\/div>\n\t\t\t\t<\/div>\n\t\t\t\t<div class=\"elementor-element elementor-element-3fb86d8 elementor-widget__width-initial elementor-hidden-mobile elementor-widget elementor-widget-text-editor\" data-id=\"3fb86d8\" data-element_type=\"widget\" data-e-type=\"widget\" data-widget_type=\"text-editor.default\">\n\t\t\t\t<div class=\"elementor-widget-container\">\n\t\t\t\t\t\t\t\t\t<p>Modele elegante druri n\u00eb nuanca t\u00eb ngrohta, tek dyert minimaliste PVC me dizajne moderne.<\/p><p>\u00c7do der\u00eb \u00ebsht\u00eb e prodhuar me materialet m\u00eb cil\u00ebsore, q\u00eb garantojn\u00eb <strong>Massima durata, eccellente isolamento termico e acustico<\/strong>, oltre a opzioni di personalizzazione secondo il tuo stile e le tue esigenze.<\/p>\t\t\t\t\t\t\t\t<\/div>\n\t\t\t\t<\/div>\n\t\t\t\t<div class=\"elementor-element elementor-element-ae34f1d elementor-widget__width-initial elementor-hidden-desktop elementor-hidden-tablet elementor-widget elementor-widget-text-editor\" data-id=\"ae34f1d\" data-element_type=\"widget\" data-e-type=\"widget\" data-widget_type=\"text-editor.default\">\n\t\t\t\t<div class=\"elementor-widget-container\">\n\t\t\t\t\t\t\t\t\t<p>Modele elegante druri n\u00eb nuanca t\u00eb ngrohta, tek dyert minimaliste PVC me dizajne moderne&#8230;<\/p>\t\t\t\t\t\t\t\t<\/div>\n\t\t\t\t<\/div>\n\t\t\t\t<div class=\"elementor-element elementor-element-1140e5c elementor-align-left elementor-tablet-align-left elementor-widget elementor-widget-button\" data-id=\"1140e5c\" data-element_type=\"widget\" data-e-type=\"widget\" data-widget_type=\"button.default\">\n\t\t\t\t<div class=\"elementor-widget-container\">\n\t\t\t\t\t\t\t\t\t<div class=\"elementor-button-wrapper\">\n\t\t\t\t\t<a class=\"elementor-button elementor-button-link elementor-size-sm\" href=\"https:\/\/belson.al\/wp-content\/uploads\/2025\/06\/Katalogu-Dyerve_compressed.pdf\" target=\"_blank\">\n\t\t\t\t\t\t<span class=\"elementor-button-content-wrapper\">\n\t\t\t\t\t\t\t\t\t<span class=\"elementor-button-text\">SHKARKO KATALOGUN<\/span>\n\t\t\t\t\t<\/span>\n\t\t\t\t\t<\/a>\n\t\t\t\t<\/div>\n\t\t\t\t\t\t\t\t<\/div>\n\t\t\t\t<\/div>\n\t\t\t\t\t<\/div>\n\t\t\t\t<\/div>\n\t\t\t\t<\/div>\n\t\t<div class=\"elementor-element elementor-element-4f90d79 e-con-full e-flex e-con e-parent\" data-id=\"4f90d79\" data-element_type=\"container\" data-e-type=\"container\">\n\t\t<div class=\"elementor-element elementor-element-d5c359c e-con-full e-flex e-con e-child\" data-id=\"d5c359c\" data-element_type=\"container\" data-e-type=\"container\" data-settings=\"{&quot;background_background&quot;:&quot;classic&quot;}\">\n\t\t\t\t<div class=\"elementor-element elementor-element-d2bfb12 elementor-widget elementor-widget-heading\" data-id=\"d2bfb12\" data-element_type=\"widget\" data-e-type=\"widget\" data-widget_type=\"heading.default\">\n\t\t\t\t<div class=\"elementor-widget-container\">\n\t\t\t\t\t<h2 class=\"elementor-heading-title elementor-size-default\">Mentesha<br> te p\u00ebrforcuara<\/h2>\t\t\t\t<\/div>\n\t\t\t\t<\/div>\n\t\t\t\t<div class=\"elementor-element elementor-element-4f2a834 elementor-widget elementor-widget-text-editor\" data-id=\"4f2a834\" data-element_type=\"widget\" data-e-type=\"widget\" data-widget_type=\"text-editor.default\">\n\t\t\t\t<div class=\"elementor-widget-container\">\n\t\t\t\t\t\t\t\t\t<p>Jet\u00ebgjat\u00ebsi pa kompromis<\/p>\t\t\t\t\t\t\t\t<\/div>\n\t\t\t\t<\/div>\n\t\t\t\t<\/div>\n\t\t<div class=\"elementor-element elementor-element-a7d8c23 e-con-full e-flex e-con e-child\" data-id=\"a7d8c23\" data-element_type=\"container\" data-e-type=\"container\" data-settings=\"{&quot;background_background&quot;:&quot;classic&quot;}\">\n\t\t\t\t<div class=\"elementor-element elementor-element-6df3c64 elementor-widget elementor-widget-heading\" data-id=\"6df3c64\" data-element_type=\"widget\" data-e-type=\"widget\" data-widget_type=\"heading.default\">\n\t\t\t\t<div class=\"elementor-widget-container\">\n\t\t\t\t\t<h2 class=\"elementor-heading-title elementor-size-default\">Brava<br> anti scratch<\/h2>\t\t\t\t<\/div>\n\t\t\t\t<\/div>\n\t\t\t\t<div class=\"elementor-element elementor-element-3ea809e elementor-widget elementor-widget-text-editor\" data-id=\"3ea809e\" data-element_type=\"widget\" data-e-type=\"widget\" data-widget_type=\"text-editor.default\">\n\t\t\t\t<div class=\"elementor-widget-container\">\n\t\t\t\t\t\t\t\t\t(Kunder Gervishjeve)\t\t\t\t\t\t\t\t<\/div>\n\t\t\t\t<\/div>\n\t\t\t\t<\/div>\n\t\t\t\t<\/div>\n\t\t<div class=\"elementor-element elementor-element-722576f e-con-full e-flex e-con e-parent\" data-id=\"722576f\" data-element_type=\"container\" data-e-type=\"container\" data-settings=\"{&quot;background_background&quot;:&quot;classic&quot;}\">\n\t\t\t\t<div class=\"elementor-element elementor-element-154222d elementor-widget elementor-widget-heading\" data-id=\"154222d\" data-element_type=\"widget\" data-e-type=\"widget\" data-widget_type=\"heading.default\">\n\t\t\t\t<div class=\"elementor-widget-container\">\n\t\t\t\t\t<h2 class=\"elementor-heading-title elementor-size-default\">Izolim Akustik<\/h2>\t\t\t\t<\/div>\n\t\t\t\t<\/div>\n\t\t\t\t<div class=\"elementor-element elementor-element-ec5af13 elementor-widget-mobile__width-initial elementor-widget elementor-widget-text-editor\" data-id=\"ec5af13\" data-element_type=\"widget\" data-e-type=\"widget\" data-widget_type=\"text-editor.default\">\n\t\t\t\t<div class=\"elementor-widget-container\">\n\t\t\t\t\t\t\t\t\t<p>Rezistente ndaj perplasjeve<\/p>\t\t\t\t\t\t\t\t<\/div>\n\t\t\t\t<\/div>\n\t\t\t\t<\/div>\n\t\t<div class=\"elementor-element elementor-element-da5a963 e-con-full e-flex e-con e-parent\" data-id=\"da5a963\" data-element_type=\"container\" data-e-type=\"container\">\n\t\t<div class=\"elementor-element elementor-element-74ae18b e-con-full e-flex e-con e-child\" data-id=\"74ae18b\" data-element_type=\"container\" data-e-type=\"container\" data-settings=\"{&quot;background_background&quot;:&quot;classic&quot;}\">\n\t\t\t\t<div class=\"elementor-element elementor-element-780d81a elementor-widget elementor-widget-heading\" data-id=\"780d81a\" data-element_type=\"widget\" data-e-type=\"widget\" data-widget_type=\"heading.default\">\n\t\t\t\t<div class=\"elementor-widget-container\">\n\t\t\t\t\t<h2 class=\"elementor-heading-title elementor-size-default\">Modele me porosi<\/h2>\t\t\t\t<\/div>\n\t\t\t\t<\/div>\n\t\t\t\t<div class=\"elementor-element elementor-element-adabef4 elementor-widget elementor-widget-text-editor\" data-id=\"adabef4\" data-element_type=\"widget\" data-e-type=\"widget\" data-widget_type=\"text-editor.default\">\n\t\t\t\t<div class=\"elementor-widget-container\">\n\t\t\t\t\t\t\t\t\t<p>Sipas Projektit<\/p>\t\t\t\t\t\t\t\t<\/div>\n\t\t\t\t<\/div>\n\t\t\t\t<\/div>\n\t\t<div class=\"elementor-element elementor-element-f393544 e-con-full e-flex e-con e-child\" data-id=\"f393544\" data-element_type=\"container\" data-e-type=\"container\" data-settings=\"{&quot;background_background&quot;:&quot;classic&quot;}\">\n\t\t\t\t<div class=\"elementor-element elementor-element-f6a3d55 elementor-widget elementor-widget-heading\" data-id=\"f6a3d55\" data-element_type=\"widget\" data-e-type=\"widget\" data-widget_type=\"heading.default\">\n\t\t\t\t<div class=\"elementor-widget-container\">\n\t\t\t\t\t<h2 class=\"elementor-heading-title elementor-size-default\">Modele Filemuro <br>Invisible<\/h2>\t\t\t\t<\/div>\n\t\t\t\t<\/div>\n\t\t\t\t<div class=\"elementor-element elementor-element-08d9061 elementor-widget elementor-widget-text-editor\" data-id=\"08d9061\" data-element_type=\"widget\" data-e-type=\"widget\" data-widget_type=\"text-editor.default\">\n\t\t\t\t<div class=\"elementor-widget-container\">\n\t\t\t\t\t\t\t\t\t<p>Variante design<\/p>\t\t\t\t\t\t\t\t<\/div>\n\t\t\t\t<\/div>\n\t\t\t\t<\/div>\n\t\t\t\t<\/div>\n\t\t\t\t<\/div>","protected":false},"excerpt":{"rendered":"<p>P\u00ebr \u00e7do hapsir\u00eb Modele elegante druri n\u00eb nuanca t\u00eb ngrohta, tek dyert minimaliste PVC me dizajne moderne. \u00c7do der\u00eb \u00ebsht\u00eb e prodhuar me materialet m\u00eb cil\u00ebsore, q\u00eb garantojn\u00eb rezistenc\u00eb maksimale, izolim termik dhe akustik t\u00eb shk\u00eblqyer, si dhe mund\u00ebsi personalizimi sipas stilit dhe nevojave tuaja. Modele elegante druri n\u00eb nuanca t\u00eb ngrohta, tek dyert minimaliste [&hellip;]<\/p>\n","protected":false},"author":1,"featured_media":0,"parent":21,"menu_order":0,"comment_status":"closed","ping_status":"closed","template":"elementor_header_footer","meta":{"footnotes":""},"class_list":["post-261","page","type-page","status-publish","hentry"],"yoast_head":"<!-- This site is optimized with the Yoast SEO plugin v27.5 - https:\/\/yoast.com\/product\/yoast-seo-wordpress\/ -->\n<title>Dyer t\u00eb Brendshme &amp; t\u00eb Jashtme | Cil\u00ebsi &amp; Dizajn | BELSON.AL<\/title>\n<meta name=\"description\" content=\"Zgjidhni nga nj\u00eb gam\u00eb e gjer\u00eb dyersh t\u00eb brendshme dhe t\u00eb jashtme. Dyer moderne, rezistente dhe elegante p\u00ebr \u00e7do ambient. Gjej stilin t\u00ebnd me BELSON.AL\" \/>\n<meta name=\"robots\" content=\"index, follow, max-snippet:-1, max-image-preview:large, max-video-preview:-1\" \/>\n<link rel=\"canonical\" href=\"https:\/\/belson.al\/it\/produket-tona\/dyer\/\" \/>\n<meta property=\"og:locale\" content=\"it_IT\" \/>\n<meta property=\"og:type\" content=\"article\" \/>\n<meta property=\"og:title\" content=\"Dyer t\u00eb Brendshme &amp; t\u00eb Jashtme | Cil\u00ebsi &amp; Dizajn | BELSON.AL\" \/>\n<meta property=\"og:description\" content=\"Zgjidhni nga nj\u00eb gam\u00eb e gjer\u00eb dyersh t\u00eb brendshme dhe t\u00eb jashtme. Dyer moderne, rezistente dhe elegante p\u00ebr \u00e7do ambient. Gjej stilin t\u00ebnd me BELSON.AL\" \/>\n<meta property=\"og:url\" content=\"https:\/\/belson.al\/it\/produket-tona\/dyer\/\" \/>\n<meta property=\"og:site_name\" content=\"belson.al\" \/>\n<meta property=\"article:publisher\" content=\"https:\/\/www.facebook.com\/belsongm.group\/\" \/>\n<meta property=\"article:modified_time\" content=\"2025-06-25T09:32:08+00:00\" \/>\n<meta name=\"twitter:card\" content=\"summary_large_image\" \/>\n<meta name=\"twitter:label1\" content=\"Tempo di lettura stimato\" \/>\n\t<meta name=\"twitter:data1\" content=\"1 minuto\" \/>\n<script type=\"application\/ld+json\" class=\"yoast-schema-graph\">{\"@context\":\"https:\\\/\\\/schema.org\",\"@graph\":[{\"@type\":\"WebPage\",\"@id\":\"https:\\\/\\\/belson.al\\\/produket-tona\\\/dyer\\\/\",\"url\":\"https:\\\/\\\/belson.al\\\/produket-tona\\\/dyer\\\/\",\"name\":\"Dyer t\u00eb Brendshme & t\u00eb Jashtme | Cil\u00ebsi & Dizajn | BELSON.AL\",\"isPartOf\":{\"@id\":\"https:\\\/\\\/belson.al\\\/#website\"},\"datePublished\":\"2025-06-03T12:29:59+00:00\",\"dateModified\":\"2025-06-25T09:32:08+00:00\",\"description\":\"Zgjidhni nga nj\u00eb gam\u00eb e gjer\u00eb dyersh t\u00eb brendshme dhe t\u00eb jashtme. Dyer moderne, rezistente dhe elegante p\u00ebr \u00e7do ambient. Gjej stilin t\u00ebnd me BELSON.AL\",\"breadcrumb\":{\"@id\":\"https:\\\/\\\/belson.al\\\/produket-tona\\\/dyer\\\/#breadcrumb\"},\"inLanguage\":\"it-IT\",\"potentialAction\":[{\"@type\":\"ReadAction\",\"target\":[\"https:\\\/\\\/belson.al\\\/produket-tona\\\/dyer\\\/\"]}]},{\"@type\":\"BreadcrumbList\",\"@id\":\"https:\\\/\\\/belson.al\\\/produket-tona\\\/dyer\\\/#breadcrumb\",\"itemListElement\":[{\"@type\":\"ListItem\",\"position\":1,\"name\":\"Home\",\"item\":\"https:\\\/\\\/belson.al\\\/\"},{\"@type\":\"ListItem\",\"position\":2,\"name\":\"Produket Tona\",\"item\":\"https:\\\/\\\/belson.al\\\/produket-tona\\\/\"},{\"@type\":\"ListItem\",\"position\":3,\"name\":\"Dyer\"}]},{\"@type\":\"WebSite\",\"@id\":\"https:\\\/\\\/belson.al\\\/#website\",\"url\":\"https:\\\/\\\/belson.al\\\/\",\"name\":\"belson.al\",\"description\":\"\",\"publisher\":{\"@id\":\"https:\\\/\\\/belson.al\\\/#organization\"},\"potentialAction\":[{\"@type\":\"SearchAction\",\"target\":{\"@type\":\"EntryPoint\",\"urlTemplate\":\"https:\\\/\\\/belson.al\\\/?s={search_term_string}\"},\"query-input\":{\"@type\":\"PropertyValueSpecification\",\"valueRequired\":true,\"valueName\":\"search_term_string\"}}],\"inLanguage\":\"it-IT\"},{\"@type\":\"Organization\",\"@id\":\"https:\\\/\\\/belson.al\\\/#organization\",\"name\":\"belson.al\",\"url\":\"https:\\\/\\\/belson.al\\\/\",\"logo\":{\"@type\":\"ImageObject\",\"inLanguage\":\"it-IT\",\"@id\":\"https:\\\/\\\/belson.al\\\/#\\\/schema\\\/logo\\\/image\\\/\",\"url\":\"https:\\\/\\\/belson.al\\\/wp-content\\\/uploads\\\/2025\\\/05\\\/belson-png-02-scaled.png\",\"contentUrl\":\"https:\\\/\\\/belson.al\\\/wp-content\\\/uploads\\\/2025\\\/05\\\/belson-png-02-scaled.png\",\"width\":2560,\"height\":1013,\"caption\":\"belson.al\"},\"image\":{\"@id\":\"https:\\\/\\\/belson.al\\\/#\\\/schema\\\/logo\\\/image\\\/\"},\"sameAs\":[\"https:\\\/\\\/www.facebook.com\\\/belsongm.group\\\/\"]}]}<\/script>\n<!-- \/ Yoast SEO plugin. -->","yoast_head_json":{"title":"Dyer t\u00eb Brendshme & t\u00eb Jashtme | Cil\u00ebsi & Dizajn | BELSON.AL","description":"Zgjidhni nga nj\u00eb gam\u00eb e gjer\u00eb dyersh t\u00eb brendshme dhe t\u00eb jashtme. Dyer moderne, rezistente dhe elegante p\u00ebr \u00e7do ambient. Gjej stilin t\u00ebnd me BELSON.AL","robots":{"index":"index","follow":"follow","max-snippet":"max-snippet:-1","max-image-preview":"max-image-preview:large","max-video-preview":"max-video-preview:-1"},"canonical":"https:\/\/belson.al\/it\/produket-tona\/dyer\/","og_locale":"it_IT","og_type":"article","og_title":"Dyer t\u00eb Brendshme & t\u00eb Jashtme | Cil\u00ebsi & Dizajn | BELSON.AL","og_description":"Zgjidhni nga nj\u00eb gam\u00eb e gjer\u00eb dyersh t\u00eb brendshme dhe t\u00eb jashtme. Dyer moderne, rezistente dhe elegante p\u00ebr \u00e7do ambient. Gjej stilin t\u00ebnd me BELSON.AL","og_url":"https:\/\/belson.al\/it\/produket-tona\/dyer\/","og_site_name":"belson.al","article_publisher":"https:\/\/www.facebook.com\/belsongm.group\/","article_modified_time":"2025-06-25T09:32:08+00:00","twitter_card":"summary_large_image","twitter_misc":{"Tempo di lettura stimato":"1 minuto"},"schema":{"@context":"https:\/\/schema.org","@graph":[{"@type":"WebPage","@id":"https:\/\/belson.al\/produket-tona\/dyer\/","url":"https:\/\/belson.al\/produket-tona\/dyer\/","name":"Dyer t\u00eb Brendshme & t\u00eb Jashtme | Cil\u00ebsi & Dizajn | BELSON.AL","isPartOf":{"@id":"https:\/\/belson.al\/#website"},"datePublished":"2025-06-03T12:29:59+00:00","dateModified":"2025-06-25T09:32:08+00:00","description":"Zgjidhni nga nj\u00eb gam\u00eb e gjer\u00eb dyersh t\u00eb brendshme dhe t\u00eb jashtme. Dyer moderne, rezistente dhe elegante p\u00ebr \u00e7do ambient. Gjej stilin t\u00ebnd me BELSON.AL","breadcrumb":{"@id":"https:\/\/belson.al\/produket-tona\/dyer\/#breadcrumb"},"inLanguage":"it-IT","potentialAction":[{"@type":"ReadAction","target":["https:\/\/belson.al\/produket-tona\/dyer\/"]}]},{"@type":"BreadcrumbList","@id":"https:\/\/belson.al\/produket-tona\/dyer\/#breadcrumb","itemListElement":[{"@type":"ListItem","position":1,"name":"Home","item":"https:\/\/belson.al\/"},{"@type":"ListItem","position":2,"name":"Produket Tona","item":"https:\/\/belson.al\/produket-tona\/"},{"@type":"ListItem","position":3,"name":"Dyer"}]},{"@type":"WebSite","@id":"https:\/\/belson.al\/#website","url":"https:\/\/belson.al\/","name":"belson.al","description":"","publisher":{"@id":"https:\/\/belson.al\/#organization"},"potentialAction":[{"@type":"SearchAction","target":{"@type":"EntryPoint","urlTemplate":"https:\/\/belson.al\/?s={search_term_string}"},"query-input":{"@type":"PropertyValueSpecification","valueRequired":true,"valueName":"search_term_string"}}],"inLanguage":"it-IT"},{"@type":"Organization","@id":"https:\/\/belson.al\/#organization","name":"belson.al","url":"https:\/\/belson.al\/","logo":{"@type":"ImageObject","inLanguage":"it-IT","@id":"https:\/\/belson.al\/#\/schema\/logo\/image\/","url":"https:\/\/belson.al\/wp-content\/uploads\/2025\/05\/belson-png-02-scaled.png","contentUrl":"https:\/\/belson.al\/wp-content\/uploads\/2025\/05\/belson-png-02-scaled.png","width":2560,"height":1013,"caption":"belson.al"},"image":{"@id":"https:\/\/belson.al\/#\/schema\/logo\/image\/"},"sameAs":["https:\/\/www.facebook.com\/belsongm.group\/"]}]}},"_links":{"self":[{"href":"https:\/\/belson.al\/it\/wp-json\/wp\/v2\/pages\/261","targetHints":{"allow":["GET"]}}],"collection":[{"href":"https:\/\/belson.al\/it\/wp-json\/wp\/v2\/pages"}],"about":[{"href":"https:\/\/belson.al\/it\/wp-json\/wp\/v2\/types\/page"}],"author":[{"embeddable":true,"href":"https:\/\/belson.al\/it\/wp-json\/wp\/v2\/users\/1"}],"replies":[{"embeddable":true,"href":"https:\/\/belson.al\/it\/wp-json\/wp\/v2\/comments?post=261"}],"version-history":[{"count":205,"href":"https:\/\/belson.al\/it\/wp-json\/wp\/v2\/pages\/261\/revisions"}],"predecessor-version":[{"id":1131,"href":"https:\/\/belson.al\/it\/wp-json\/wp\/v2\/pages\/261\/revisions\/1131"}],"up":[{"embeddable":true,"href":"https:\/\/belson.al\/it\/wp-json\/wp\/v2\/pages\/21"}],"wp:attachment":[{"href":"https:\/\/belson.al\/it\/wp-json\/wp\/v2\/media?parent=261"}],"curies":[{"name":"wp","href":"https:\/\/api.w.org\/{rel}","templated":true}]}}