{"id":396,"date":"2025-06-05T09:16:44","date_gmt":"2025-06-05T09:16:44","guid":{"rendered":"https:\/\/belson.al\/?page_id=396"},"modified":"2025-06-25T09:33:52","modified_gmt":"2025-06-25T09:33:52","slug":"veshjet-murale","status":"publish","type":"page","link":"https:\/\/belson.al\/it\/produket-tona\/veshjet-murale\/","title":{"rendered":"Rivestimenti murali"},"content":{"rendered":"<div data-elementor-type=\"wp-page\" data-elementor-id=\"396\" class=\"elementor elementor-396\" data-elementor-post-type=\"page\">\n\t\t\t\t<div class=\"elementor-element elementor-element-77f33258 e-con-full e-flex e-con e-parent\" data-id=\"77f33258\" data-element_type=\"container\" data-e-type=\"container\" data-settings=\"{&quot;background_background&quot;:&quot;classic&quot;}\">\n\t\t<div class=\"elementor-element elementor-element-8f4dd2a e-flex e-con-boxed e-con e-child\" data-id=\"8f4dd2a\" data-element_type=\"container\" data-e-type=\"container\">\n\t\t\t\t\t<div class=\"e-con-inner\">\n\t\t\t\t\t<\/div>\n\t\t\t\t<\/div>\n\t\t<div class=\"elementor-element elementor-element-24cfa484 e-flex e-con-boxed e-con e-child\" data-id=\"24cfa484\" data-element_type=\"container\" data-e-type=\"container\">\n\t\t\t\t\t<div class=\"e-con-inner\">\n\t\t\t\t<div class=\"elementor-element elementor-element-4716fbf2 elementor-widget elementor-widget-heading\" data-id=\"4716fbf2\" data-element_type=\"widget\" data-e-type=\"widget\" data-widget_type=\"heading.default\">\n\t\t\t\t<div class=\"elementor-widget-container\">\n\t\t\t\t\t<h2 class=\"elementor-heading-title elementor-size-default\">NDRYSHE NGA TREGU<\/h2>\t\t\t\t<\/div>\n\t\t\t\t<\/div>\n\t\t\t\t<div class=\"elementor-element elementor-element-38a43ca3 elementor-widget__width-initial elementor-widget elementor-widget-text-editor\" data-id=\"38a43ca3\" data-element_type=\"widget\" data-e-type=\"widget\" data-widget_type=\"text-editor.default\">\n\t\t\t\t<div class=\"elementor-widget-container\">\n\t\t\t\t\t\t\t\t\t<p>Panelet dhe veshjet murale ofrojne nj\u00ea gam\u00e9 te gjere opsionesh dizajni per t&#8217;u pershtatur me \u00e7do stil\u2014nga struktura druri te ngrohta e deri te modelime moderne me motive gjeometrike<\/p>\t\t\t\t\t\t\t\t<\/div>\n\t\t\t\t<\/div>\n\t\t\t\t<div class=\"elementor-element elementor-element-82c5749 elementor-align-left elementor-tablet-align-left elementor-widget elementor-widget-button\" data-id=\"82c5749\" data-element_type=\"widget\" data-e-type=\"widget\" data-widget_type=\"button.default\">\n\t\t\t\t<div class=\"elementor-widget-container\">\n\t\t\t\t\t\t\t\t\t<div class=\"elementor-button-wrapper\">\n\t\t\t\t\t<a class=\"elementor-button elementor-button-link elementor-size-sm\" href=\"https:\/\/belson.al\/wp-content\/uploads\/2025\/06\/Katalogu-i-veshjeve.pdf\" target=\"_blank\">\n\t\t\t\t\t\t<span class=\"elementor-button-content-wrapper\">\n\t\t\t\t\t\t\t\t\t<span class=\"elementor-button-text\">SHKARKO KATALOGUN<\/span>\n\t\t\t\t\t<\/span>\n\t\t\t\t\t<\/a>\n\t\t\t\t<\/div>\n\t\t\t\t\t\t\t\t<\/div>\n\t\t\t\t<\/div>\n\t\t\t\t\t<\/div>\n\t\t\t\t<\/div>\n\t\t\t\t<\/div>\n\t\t<div class=\"elementor-element elementor-element-5d672f68 e-con-full e-flex e-con e-parent\" data-id=\"5d672f68\" data-element_type=\"container\" data-e-type=\"container\">\n\t\t<div class=\"elementor-element elementor-element-78c570cc e-con-full e-flex e-con e-child\" data-id=\"78c570cc\" data-element_type=\"container\" data-e-type=\"container\" data-settings=\"{&quot;background_background&quot;:&quot;classic&quot;}\">\n\t\t\t\t<div class=\"elementor-element elementor-element-2298f628 elementor-widget elementor-widget-heading\" data-id=\"2298f628\" data-element_type=\"widget\" data-e-type=\"widget\" data-widget_type=\"heading.default\">\n\t\t\t\t<div class=\"elementor-widget-container\">\n\t\t\t\t\t<h2 class=\"elementor-heading-title elementor-size-default\">REZISTENTE<br> NDAJ LAG\u00cbSHTIR\u00cbS<\/h2>\t\t\t\t<\/div>\n\t\t\t\t<\/div>\n\t\t\t\t<div class=\"elementor-element elementor-element-526d9c8 elementor-widget elementor-widget-text-editor\" data-id=\"526d9c8\" data-element_type=\"widget\" data-e-type=\"widget\" data-widget_type=\"text-editor.default\">\n\t\t\t\t<div class=\"elementor-widget-container\">\n\t\t\t\t\t\t\t\t\t<p>IZOLOJ\u00c9 \u00c7DO HAPSIR\u00c9<\/p>\t\t\t\t\t\t\t\t<\/div>\n\t\t\t\t<\/div>\n\t\t\t\t<\/div>\n\t\t<div class=\"elementor-element elementor-element-68e885eb e-con-full e-flex e-con e-child\" data-id=\"68e885eb\" data-element_type=\"container\" data-e-type=\"container\" data-settings=\"{&quot;background_background&quot;:&quot;classic&quot;}\">\n\t\t\t\t<div class=\"elementor-element elementor-element-7c527156 elementor-widget elementor-widget-heading\" data-id=\"7c527156\" data-element_type=\"widget\" data-e-type=\"widget\" data-widget_type=\"heading.default\">\n\t\t\t\t<div class=\"elementor-widget-container\">\n\t\t\t\t\t<h2 class=\"elementor-heading-title elementor-size-default\">MATERIAL I P\u00cbRFORCUAR<\/h2>\t\t\t\t<\/div>\n\t\t\t\t<\/div>\n\t\t\t\t<div class=\"elementor-element elementor-element-63a8cff0 elementor-widget-mobile__width-inherit elementor-widget__width-initial elementor-widget elementor-widget-text-editor\" data-id=\"63a8cff0\" data-element_type=\"widget\" data-e-type=\"widget\" data-widget_type=\"text-editor.default\">\n\t\t\t\t<div class=\"elementor-widget-container\">\n\t\t\t\t\t\t\t\t\t<p>SHTRIM I JASHTEM REZISTENT NDAI \u00c7DO<br \/>ELEMENTI NATYROR<\/p>\t\t\t\t\t\t\t\t<\/div>\n\t\t\t\t<\/div>\n\t\t\t\t<\/div>\n\t\t\t\t<\/div>\n\t\t<div class=\"elementor-element elementor-element-1672d4f5 e-con-full e-flex e-con e-parent\" data-id=\"1672d4f5\" data-element_type=\"container\" data-e-type=\"container\" data-settings=\"{&quot;background_background&quot;:&quot;classic&quot;}\">\n\t\t\t\t<div class=\"elementor-element elementor-element-30f3c99d elementor-widget-mobile__width-initial elementor-widget elementor-widget-heading\" data-id=\"30f3c99d\" data-element_type=\"widget\" data-e-type=\"widget\" data-widget_type=\"heading.default\">\n\t\t\t\t<div class=\"elementor-widget-container\">\n\t\t\t\t\t<h2 class=\"elementor-heading-title elementor-size-default\">Izolim Akustik\/termik<\/h2>\t\t\t\t<\/div>\n\t\t\t\t<\/div>\n\t\t\t\t<div class=\"elementor-element elementor-element-7819738c elementor-widget-mobile__width-initial elementor-widget elementor-widget-text-editor\" data-id=\"7819738c\" data-element_type=\"widget\" data-e-type=\"widget\" data-widget_type=\"text-editor.default\">\n\t\t\t\t<div class=\"elementor-widget-container\">\n\t\t\t\t\t\t\t\t\t<p>REZISTENTE NDAJ GODITJEVE DHE NDAJ ZJARRIT<\/p>\t\t\t\t\t\t\t\t<\/div>\n\t\t\t\t<\/div>\n\t\t\t\t<\/div>\n\t\t<div class=\"elementor-element elementor-element-77e04ef5 e-con-full e-flex e-con e-parent\" data-id=\"77e04ef5\" data-element_type=\"container\" data-e-type=\"container\">\n\t\t<div class=\"elementor-element elementor-element-3f16844a e-con-full e-flex e-con e-child\" data-id=\"3f16844a\" data-element_type=\"container\" data-e-type=\"container\" data-settings=\"{&quot;background_background&quot;:&quot;classic&quot;}\">\n\t\t\t\t<div class=\"elementor-element elementor-element-4957203 elementor-widget elementor-widget-heading\" data-id=\"4957203\" data-element_type=\"widget\" data-e-type=\"widget\" data-widget_type=\"heading.default\">\n\t\t\t\t<div class=\"elementor-widget-container\">\n\t\t\t\t\t<h2 class=\"elementor-heading-title elementor-size-default\">GAM\u00cb E GJER\u00cb N\u00cb DESIGN\n<\/h2>\t\t\t\t<\/div>\n\t\t\t\t<\/div>\n\t\t\t\t<div class=\"elementor-element elementor-element-338a69c9 elementor-widget elementor-widget-text-editor\" data-id=\"338a69c9\" data-element_type=\"widget\" data-e-type=\"widget\" data-widget_type=\"text-editor.default\">\n\t\t\t\t<div class=\"elementor-widget-container\">\n\t\t\t\t\t\t\t\t\t<p>ND\u00cbRTIM I FORT\u00cb<\/p>\t\t\t\t\t\t\t\t<\/div>\n\t\t\t\t<\/div>\n\t\t\t\t<\/div>\n\t\t<div class=\"elementor-element elementor-element-696466e6 e-con-full e-flex e-con e-child\" data-id=\"696466e6\" data-element_type=\"container\" data-e-type=\"container\" data-settings=\"{&quot;background_background&quot;:&quot;classic&quot;}\">\n\t\t\t\t<div class=\"elementor-element elementor-element-39d2c36a elementor-widget elementor-widget-heading\" data-id=\"39d2c36a\" data-element_type=\"widget\" data-e-type=\"widget\" data-widget_type=\"heading.default\">\n\t\t\t\t<div class=\"elementor-widget-container\">\n\t\t\t\t\t<h2 class=\"elementor-heading-title elementor-size-default\">MONTIM I LEHTE\n<\/h2>\t\t\t\t<\/div>\n\t\t\t\t<\/div>\n\t\t\t\t<div class=\"elementor-element elementor-element-4abc4817 elementor-widget elementor-widget-text-editor\" data-id=\"4abc4817\" data-element_type=\"widget\" data-e-type=\"widget\" data-widget_type=\"text-editor.default\">\n\t\t\t\t<div class=\"elementor-widget-container\">\n\t\t\t\t\t\t\t\t\t<p>QENDRUESHMERI N\u1ebc KOH\u00ca<\/p>\t\t\t\t\t\t\t\t<\/div>\n\t\t\t\t<\/div>\n\t\t\t\t<\/div>\n\t\t\t\t<\/div>\n\t\t\t\t<\/div>","protected":false},"excerpt":{"rendered":"<p>NDRYSHE NGA TREGU Panelet dhe veshjet murale ofrojne nj\u00ea gam\u00e9 te gjere opsionesh dizajni per t&#8217;u pershtatur me \u00e7do stil\u2014nga struktura druri te ngrohta e deri te modelime moderne me motive gjeometrike SHKARKO KATALOGUN REZISTENTE NDAJ LAG\u00cbSHTIR\u00cbS IZOLOJ\u00c9 \u00c7DO HAPSIR\u00c9 MATERIAL I P\u00cbRFORCUAR SHTRIM I JASHTEM REZISTENT NDAI \u00c7DOELEMENTI NATYROR Izolim Akustik\/termik REZISTENTE NDAJ GODITJEVE [&hellip;]<\/p>\n","protected":false},"author":1,"featured_media":0,"parent":21,"menu_order":0,"comment_status":"closed","ping_status":"closed","template":"elementor_header_footer","meta":{"footnotes":""},"class_list":["post-396","page","type-page","status-publish","hentry"],"yoast_head":"<!-- This site is optimized with the Yoast SEO plugin v27.5 - https:\/\/yoast.com\/product\/yoast-seo-wordpress\/ -->\n<title>Veshje Murale &amp; Panele Dekorative | Stile Moderne | BELSON.AL<\/title>\n<meta name=\"description\" content=\"Veshjet murale ofrojn\u00eb zgjedhje t\u00eb ndryshme dizajni\u2014nga tekstura druri t\u00eb ngrohta te motive moderne gjeometrike, p\u00ebr \u00e7do stil interieri.\" \/>\n<meta name=\"robots\" content=\"index, follow, max-snippet:-1, max-image-preview:large, max-video-preview:-1\" \/>\n<link rel=\"canonical\" href=\"https:\/\/belson.al\/it\/produket-tona\/veshjet-murale\/\" \/>\n<meta property=\"og:locale\" content=\"it_IT\" \/>\n<meta property=\"og:type\" content=\"article\" \/>\n<meta property=\"og:title\" content=\"Veshje Murale &amp; Panele Dekorative | Stile Moderne | BELSON.AL\" \/>\n<meta property=\"og:description\" content=\"Veshjet murale ofrojn\u00eb zgjedhje t\u00eb ndryshme dizajni\u2014nga tekstura druri t\u00eb ngrohta te motive moderne gjeometrike, p\u00ebr \u00e7do stil interieri.\" \/>\n<meta property=\"og:url\" content=\"https:\/\/belson.al\/it\/produket-tona\/veshjet-murale\/\" \/>\n<meta property=\"og:site_name\" content=\"belson.al\" \/>\n<meta property=\"article:publisher\" content=\"https:\/\/www.facebook.com\/belsongm.group\/\" \/>\n<meta property=\"article:modified_time\" content=\"2025-06-25T09:33:52+00:00\" \/>\n<meta name=\"twitter:card\" content=\"summary_large_image\" \/>\n<meta name=\"twitter:label1\" content=\"Tempo di lettura stimato\" \/>\n\t<meta name=\"twitter:data1\" content=\"1 minuto\" \/>\n<script type=\"application\/ld+json\" class=\"yoast-schema-graph\">{\"@context\":\"https:\\\/\\\/schema.org\",\"@graph\":[{\"@type\":\"WebPage\",\"@id\":\"https:\\\/\\\/belson.al\\\/produket-tona\\\/veshjet-murale\\\/\",\"url\":\"https:\\\/\\\/belson.al\\\/produket-tona\\\/veshjet-murale\\\/\",\"name\":\"Veshje Murale & Panele Dekorative | Stile Moderne | BELSON.AL\",\"isPartOf\":{\"@id\":\"https:\\\/\\\/belson.al\\\/#website\"},\"datePublished\":\"2025-06-05T09:16:44+00:00\",\"dateModified\":\"2025-06-25T09:33:52+00:00\",\"description\":\"Veshjet murale ofrojn\u00eb zgjedhje t\u00eb ndryshme dizajni\u2014nga tekstura druri t\u00eb ngrohta te motive moderne gjeometrike, p\u00ebr \u00e7do stil interieri.\",\"breadcrumb\":{\"@id\":\"https:\\\/\\\/belson.al\\\/produket-tona\\\/veshjet-murale\\\/#breadcrumb\"},\"inLanguage\":\"it-IT\",\"potentialAction\":[{\"@type\":\"ReadAction\",\"target\":[\"https:\\\/\\\/belson.al\\\/produket-tona\\\/veshjet-murale\\\/\"]}]},{\"@type\":\"BreadcrumbList\",\"@id\":\"https:\\\/\\\/belson.al\\\/produket-tona\\\/veshjet-murale\\\/#breadcrumb\",\"itemListElement\":[{\"@type\":\"ListItem\",\"position\":1,\"name\":\"Home\",\"item\":\"https:\\\/\\\/belson.al\\\/\"},{\"@type\":\"ListItem\",\"position\":2,\"name\":\"Produket Tona\",\"item\":\"https:\\\/\\\/belson.al\\\/produket-tona\\\/\"},{\"@type\":\"ListItem\",\"position\":3,\"name\":\"Veshjet murale\"}]},{\"@type\":\"WebSite\",\"@id\":\"https:\\\/\\\/belson.al\\\/#website\",\"url\":\"https:\\\/\\\/belson.al\\\/\",\"name\":\"belson.al\",\"description\":\"\",\"publisher\":{\"@id\":\"https:\\\/\\\/belson.al\\\/#organization\"},\"potentialAction\":[{\"@type\":\"SearchAction\",\"target\":{\"@type\":\"EntryPoint\",\"urlTemplate\":\"https:\\\/\\\/belson.al\\\/?s={search_term_string}\"},\"query-input\":{\"@type\":\"PropertyValueSpecification\",\"valueRequired\":true,\"valueName\":\"search_term_string\"}}],\"inLanguage\":\"it-IT\"},{\"@type\":\"Organization\",\"@id\":\"https:\\\/\\\/belson.al\\\/#organization\",\"name\":\"belson.al\",\"url\":\"https:\\\/\\\/belson.al\\\/\",\"logo\":{\"@type\":\"ImageObject\",\"inLanguage\":\"it-IT\",\"@id\":\"https:\\\/\\\/belson.al\\\/#\\\/schema\\\/logo\\\/image\\\/\",\"url\":\"https:\\\/\\\/belson.al\\\/wp-content\\\/uploads\\\/2025\\\/05\\\/belson-png-02-scaled.png\",\"contentUrl\":\"https:\\\/\\\/belson.al\\\/wp-content\\\/uploads\\\/2025\\\/05\\\/belson-png-02-scaled.png\",\"width\":2560,\"height\":1013,\"caption\":\"belson.al\"},\"image\":{\"@id\":\"https:\\\/\\\/belson.al\\\/#\\\/schema\\\/logo\\\/image\\\/\"},\"sameAs\":[\"https:\\\/\\\/www.facebook.com\\\/belsongm.group\\\/\"]}]}<\/script>\n<!-- \/ Yoast SEO plugin. -->","yoast_head_json":{"title":"Veshje Murale & Panele Dekorative | Stile Moderne | BELSON.AL","description":"Veshjet murale ofrojn\u00eb zgjedhje t\u00eb ndryshme dizajni\u2014nga tekstura druri t\u00eb ngrohta te motive moderne gjeometrike, p\u00ebr \u00e7do stil interieri.","robots":{"index":"index","follow":"follow","max-snippet":"max-snippet:-1","max-image-preview":"max-image-preview:large","max-video-preview":"max-video-preview:-1"},"canonical":"https:\/\/belson.al\/it\/produket-tona\/veshjet-murale\/","og_locale":"it_IT","og_type":"article","og_title":"Veshje Murale & Panele Dekorative | Stile Moderne | BELSON.AL","og_description":"Veshjet murale ofrojn\u00eb zgjedhje t\u00eb ndryshme dizajni\u2014nga tekstura druri t\u00eb ngrohta te motive moderne gjeometrike, p\u00ebr \u00e7do stil interieri.","og_url":"https:\/\/belson.al\/it\/produket-tona\/veshjet-murale\/","og_site_name":"belson.al","article_publisher":"https:\/\/www.facebook.com\/belsongm.group\/","article_modified_time":"2025-06-25T09:33:52+00:00","twitter_card":"summary_large_image","twitter_misc":{"Tempo di lettura stimato":"1 minuto"},"schema":{"@context":"https:\/\/schema.org","@graph":[{"@type":"WebPage","@id":"https:\/\/belson.al\/produket-tona\/veshjet-murale\/","url":"https:\/\/belson.al\/produket-tona\/veshjet-murale\/","name":"Veshje Murale & Panele Dekorative | Stile Moderne | BELSON.AL","isPartOf":{"@id":"https:\/\/belson.al\/#website"},"datePublished":"2025-06-05T09:16:44+00:00","dateModified":"2025-06-25T09:33:52+00:00","description":"Veshjet murale ofrojn\u00eb zgjedhje t\u00eb ndryshme dizajni\u2014nga tekstura druri t\u00eb ngrohta te motive moderne gjeometrike, p\u00ebr \u00e7do stil interieri.","breadcrumb":{"@id":"https:\/\/belson.al\/produket-tona\/veshjet-murale\/#breadcrumb"},"inLanguage":"it-IT","potentialAction":[{"@type":"ReadAction","target":["https:\/\/belson.al\/produket-tona\/veshjet-murale\/"]}]},{"@type":"BreadcrumbList","@id":"https:\/\/belson.al\/produket-tona\/veshjet-murale\/#breadcrumb","itemListElement":[{"@type":"ListItem","position":1,"name":"Home","item":"https:\/\/belson.al\/"},{"@type":"ListItem","position":2,"name":"Produket Tona","item":"https:\/\/belson.al\/produket-tona\/"},{"@type":"ListItem","position":3,"name":"Veshjet murale"}]},{"@type":"WebSite","@id":"https:\/\/belson.al\/#website","url":"https:\/\/belson.al\/","name":"belson.al","description":"","publisher":{"@id":"https:\/\/belson.al\/#organization"},"potentialAction":[{"@type":"SearchAction","target":{"@type":"EntryPoint","urlTemplate":"https:\/\/belson.al\/?s={search_term_string}"},"query-input":{"@type":"PropertyValueSpecification","valueRequired":true,"valueName":"search_term_string"}}],"inLanguage":"it-IT"},{"@type":"Organization","@id":"https:\/\/belson.al\/#organization","name":"belson.al","url":"https:\/\/belson.al\/","logo":{"@type":"ImageObject","inLanguage":"it-IT","@id":"https:\/\/belson.al\/#\/schema\/logo\/image\/","url":"https:\/\/belson.al\/wp-content\/uploads\/2025\/05\/belson-png-02-scaled.png","contentUrl":"https:\/\/belson.al\/wp-content\/uploads\/2025\/05\/belson-png-02-scaled.png","width":2560,"height":1013,"caption":"belson.al"},"image":{"@id":"https:\/\/belson.al\/#\/schema\/logo\/image\/"},"sameAs":["https:\/\/www.facebook.com\/belsongm.group\/"]}]}},"_links":{"self":[{"href":"https:\/\/belson.al\/it\/wp-json\/wp\/v2\/pages\/396","targetHints":{"allow":["GET"]}}],"collection":[{"href":"https:\/\/belson.al\/it\/wp-json\/wp\/v2\/pages"}],"about":[{"href":"https:\/\/belson.al\/it\/wp-json\/wp\/v2\/types\/page"}],"author":[{"embeddable":true,"href":"https:\/\/belson.al\/it\/wp-json\/wp\/v2\/users\/1"}],"replies":[{"embeddable":true,"href":"https:\/\/belson.al\/it\/wp-json\/wp\/v2\/comments?post=396"}],"version-history":[{"count":127,"href":"https:\/\/belson.al\/it\/wp-json\/wp\/v2\/pages\/396\/revisions"}],"predecessor-version":[{"id":1146,"href":"https:\/\/belson.al\/it\/wp-json\/wp\/v2\/pages\/396\/revisions\/1146"}],"up":[{"embeddable":true,"href":"https:\/\/belson.al\/it\/wp-json\/wp\/v2\/pages\/21"}],"wp:attachment":[{"href":"https:\/\/belson.al\/it\/wp-json\/wp\/v2\/media?parent=396"}],"curies":[{"name":"wp","href":"https:\/\/api.w.org\/{rel}","templated":true}]}}