{"id":429,"date":"2025-06-05T09:46:53","date_gmt":"2025-06-05T09:46:53","guid":{"rendered":"https:\/\/belson.al\/?page_id=429"},"modified":"2025-06-25T09:41:04","modified_gmt":"2025-06-25T09:41:04","slug":"smart-wc","status":"publish","type":"page","link":"https:\/\/belson.al\/it\/produket-tona\/smart-wc\/","title":{"rendered":"Bagno smart"},"content":{"rendered":"<div data-elementor-type=\"wp-page\" data-elementor-id=\"429\" class=\"elementor elementor-429\" data-elementor-post-type=\"page\">\n\t\t\t\t<div class=\"elementor-element elementor-element-36f46b19 e-con-full e-flex e-con e-parent\" data-id=\"36f46b19\" data-element_type=\"container\" data-e-type=\"container\" data-settings=\"{&quot;background_background&quot;:&quot;classic&quot;}\">\n\t\t<div class=\"elementor-element elementor-element-552ff42a e-flex e-con-boxed e-con e-child\" data-id=\"552ff42a\" data-element_type=\"container\" data-e-type=\"container\">\n\t\t\t\t\t<div class=\"e-con-inner\">\n\t\t\t\t\t<\/div>\n\t\t\t\t<\/div>\n\t\t<div class=\"elementor-element elementor-element-754d280e e-flex e-con-boxed e-con e-child\" data-id=\"754d280e\" data-element_type=\"container\" data-e-type=\"container\">\n\t\t\t\t\t<div class=\"e-con-inner\">\n\t\t\t\t\t<\/div>\n\t\t\t\t<\/div>\n\t\t\t\t<\/div>\n\t\t<div class=\"elementor-element elementor-element-79ae360f e-con-full e-flex e-con e-parent\" data-id=\"79ae360f\" data-element_type=\"container\" data-e-type=\"container\">\n\t\t<div class=\"elementor-element elementor-element-307fe74 e-con-full e-flex e-con e-child\" data-id=\"307fe74\" data-element_type=\"container\" data-e-type=\"container\" data-settings=\"{&quot;background_background&quot;:&quot;classic&quot;}\">\n\t\t\t\t<div class=\"elementor-element elementor-element-9197773 elementor-widget__width-initial elementor-widget elementor-widget-text-editor\" data-id=\"9197773\" data-element_type=\"widget\" data-e-type=\"widget\" data-widget_type=\"text-editor.default\">\n\t\t\t\t<div class=\"elementor-widget-container\">\n\t\t\t\t\t\t\t\t\t<p class=\"p1\">Da Belson, i sanitari per il bagno sono progettati per offrire il massimo comfort e tecnologia avanzata.\nI nostri WC intelligenti includono funzionalit\u00e0 come autopulizia automatica, sedili riscaldati, pannelli touch e sistemi intelligenti di risparmio idrico, garantendo un\u2019esperienza di bagno lussuosa e igienica.<\/p>\t\t\t\t\t\t\t\t<\/div>\n\t\t\t\t<\/div>\n\t\t\t\t<div class=\"elementor-element elementor-element-7d9d727 elementor-align-left elementor-widget elementor-widget-button\" data-id=\"7d9d727\" data-element_type=\"widget\" data-e-type=\"widget\" data-widget_type=\"button.default\">\n\t\t\t\t<div class=\"elementor-widget-container\">\n\t\t\t\t\t\t\t\t\t<div class=\"elementor-button-wrapper\">\n\t\t\t\t\t<a class=\"elementor-button elementor-button-link elementor-size-sm\" href=\"https:\/\/belson.al\/wp-content\/uploads\/2025\/06\/Katalog-smart-WC.pdf\" target=\"_blank\">\n\t\t\t\t\t\t<span class=\"elementor-button-content-wrapper\">\n\t\t\t\t\t\t\t\t\t<span class=\"elementor-button-text\">SHKARKO KATALOGUN<\/span>\n\t\t\t\t\t<\/span>\n\t\t\t\t\t<\/a>\n\t\t\t\t<\/div>\n\t\t\t\t\t\t\t\t<\/div>\n\t\t\t\t<\/div>\n\t\t\t\t<\/div>\n\t\t<div class=\"elementor-element elementor-element-140baaa6 e-con-full e-flex e-con e-child\" data-id=\"140baaa6\" data-element_type=\"container\" data-e-type=\"container\" data-settings=\"{&quot;background_background&quot;:&quot;classic&quot;}\">\n\t\t\t\t<div class=\"elementor-element elementor-element-3d2563fb elementor-widget elementor-widget-heading\" data-id=\"3d2563fb\" data-element_type=\"widget\" data-e-type=\"widget\" data-widget_type=\"heading.default\">\n\t\t\t\t<div class=\"elementor-widget-container\">\n\t\t\t\t\t<h2 class=\"elementor-heading-title elementor-size-default\">ULESE ME NGROHJE<\/h2>\t\t\t\t<\/div>\n\t\t\t\t<\/div>\n\t\t\t\t<div class=\"elementor-element elementor-element-486b5eba elementor-widget elementor-widget-text-editor\" data-id=\"486b5eba\" data-element_type=\"widget\" data-e-type=\"widget\" data-widget_type=\"text-editor.default\">\n\t\t\t\t<div class=\"elementor-widget-container\">\n\t\t\t\t\t\t\t\t\t<p class=\"p1\">KOMODITET MAKSIMAL<\/p>\t\t\t\t\t\t\t\t<\/div>\n\t\t\t\t<\/div>\n\t\t\t\t<\/div>\n\t\t\t\t<\/div>\n\t\t<div class=\"elementor-element elementor-element-4efa3786 e-con-full e-flex e-con e-parent\" data-id=\"4efa3786\" data-element_type=\"container\" data-e-type=\"container\" data-settings=\"{&quot;background_background&quot;:&quot;classic&quot;}\">\n\t\t\t\t<div class=\"elementor-element elementor-element-85bf8f6 elementor-widget-mobile__width-initial elementor-widget elementor-widget-heading\" data-id=\"85bf8f6\" data-element_type=\"widget\" data-e-type=\"widget\" data-widget_type=\"heading.default\">\n\t\t\t\t<div class=\"elementor-widget-container\">\n\t\t\t\t\t<h2 class=\"elementor-heading-title elementor-size-default\">NDRI\u00c7IM LED, EKRAN INFORMUES<\/h2>\t\t\t\t<\/div>\n\t\t\t\t<\/div>\n\t\t\t\t<div class=\"elementor-element elementor-element-565af657 elementor-widget-mobile__width-initial elementor-widget elementor-widget-text-editor\" data-id=\"565af657\" data-element_type=\"widget\" data-e-type=\"widget\" data-widget_type=\"text-editor.default\">\n\t\t\t\t<div class=\"elementor-widget-container\">\n\t\t\t\t\t\t\t\t\t<p class=\"p1\">MODALITETE P\u00cbR DO PJESTAR T\u00cb FAMILES<\/p>\t\t\t\t\t\t\t\t<\/div>\n\t\t\t\t<\/div>\n\t\t\t\t<\/div>\n\t\t<div class=\"elementor-element elementor-element-6937aaa5 e-con-full e-flex e-con e-parent\" data-id=\"6937aaa5\" data-element_type=\"container\" data-e-type=\"container\">\n\t\t<div class=\"elementor-element elementor-element-c8c454f e-con-full e-flex e-con e-child\" data-id=\"c8c454f\" data-element_type=\"container\" data-e-type=\"container\" data-settings=\"{&quot;background_background&quot;:&quot;classic&quot;}\">\n\t\t\t\t<div class=\"elementor-element elementor-element-79fe7ff1 elementor-widget elementor-widget-heading\" data-id=\"79fe7ff1\" data-element_type=\"widget\" data-e-type=\"widget\" data-widget_type=\"heading.default\">\n\t\t\t\t<div class=\"elementor-widget-container\">\n\t\t\t\t\t<h2 class=\"elementor-heading-title elementor-size-default\">SENSOR LEVIZJE<\/h2>\t\t\t\t<\/div>\n\t\t\t\t<\/div>\n\t\t\t\t<div class=\"elementor-element elementor-element-1c44bae0 elementor-widget elementor-widget-text-editor\" data-id=\"1c44bae0\" data-element_type=\"widget\" data-e-type=\"widget\" data-widget_type=\"text-editor.default\">\n\t\t\t\t<div class=\"elementor-widget-container\">\n\t\t\t\t\t\t\t\t\t<p class=\"p1\">MODELE T NDRYSHME<\/p>\t\t\t\t\t\t\t\t<\/div>\n\t\t\t\t<\/div>\n\t\t\t\t<\/div>\n\t\t<div class=\"elementor-element elementor-element-78ff0c7b e-con-full e-flex e-con e-child\" data-id=\"78ff0c7b\" data-element_type=\"container\" data-e-type=\"container\" data-settings=\"{&quot;background_background&quot;:&quot;classic&quot;}\">\n\t\t\t\t<div class=\"elementor-element elementor-element-7148169d elementor-widget elementor-widget-heading\" data-id=\"7148169d\" data-element_type=\"widget\" data-e-type=\"widget\" data-widget_type=\"heading.default\">\n\t\t\t\t<div class=\"elementor-widget-container\">\n\t\t\t\t\t<h2 class=\"elementor-heading-title elementor-size-default\">MODELE T NDRYSHME<\/h2>\t\t\t\t<\/div>\n\t\t\t\t<\/div>\n\t\t\t\t<div class=\"elementor-element elementor-element-523c8da7 elementor-widget elementor-widget-text-editor\" data-id=\"523c8da7\" data-element_type=\"widget\" data-e-type=\"widget\" data-widget_type=\"text-editor.default\">\n\t\t\t\t<div class=\"elementor-widget-container\">\n\t\t\t\t\t\t\t\t\t<p class=\"p1\">PER HOTELERI OSE BANESA<\/p>\t\t\t\t\t\t\t\t<\/div>\n\t\t\t\t<\/div>\n\t\t\t\t<\/div>\n\t\t\t\t<\/div>\n\t\t\t\t<\/div>","protected":false},"excerpt":{"rendered":"<p>N\u00eb Belson, pajisjet e tualetit jane projektuar per te ofruar komoditet maksimal dhe teknologji te avancuar. Smart WC-t\u00eb tona perfshijne vecori si vetepastrim automatik, ul\u00ebse te ngrohta, kontroll me panel touch dhe kursim uji inteligient, duke sjelle nje pervoje luksoze dhe higjienike ne do banjo SHKARKO KATALOGUN ULESE ME NGROHJE KOMODITET MAKSIMAL NDRI\u00c7IM LED, EKRAN [&hellip;]<\/p>\n","protected":false},"author":1,"featured_media":0,"parent":21,"menu_order":0,"comment_status":"closed","ping_status":"closed","template":"elementor_header_footer","meta":{"footnotes":""},"class_list":["post-429","page","type-page","status-publish","hentry"],"yoast_head":"<!-- This site is optimized with the Yoast SEO plugin v27.5 - https:\/\/yoast.com\/product\/yoast-seo-wordpress\/ -->\n<title>Smart WC me Teknologji Moderne | Komoditet &amp; Higjien\u00eb<\/title>\n<meta name=\"description\" content=\"Zbuloni Smart WC me funksione inteligjente p\u00ebr higjien\u00eb, kursim uji dhe rehati maksimale. Dizajn modern p\u00ebr banjo funksionale dhe elegante.\" \/>\n<meta name=\"robots\" content=\"index, follow, max-snippet:-1, max-image-preview:large, max-video-preview:-1\" \/>\n<link rel=\"canonical\" href=\"https:\/\/belson.al\/it\/produket-tona\/smart-wc\/\" \/>\n<meta property=\"og:locale\" content=\"it_IT\" \/>\n<meta property=\"og:type\" content=\"article\" \/>\n<meta property=\"og:title\" content=\"Smart WC me Teknologji Moderne | Komoditet &amp; Higjien\u00eb\" \/>\n<meta property=\"og:description\" content=\"Zbuloni Smart WC me funksione inteligjente p\u00ebr higjien\u00eb, kursim uji dhe rehati maksimale. Dizajn modern p\u00ebr banjo funksionale dhe elegante.\" \/>\n<meta property=\"og:url\" content=\"https:\/\/belson.al\/it\/produket-tona\/smart-wc\/\" \/>\n<meta property=\"og:site_name\" content=\"belson.al\" \/>\n<meta property=\"article:publisher\" content=\"https:\/\/www.facebook.com\/belsongm.group\/\" \/>\n<meta property=\"article:modified_time\" content=\"2025-06-25T09:41:04+00:00\" \/>\n<meta name=\"twitter:card\" content=\"summary_large_image\" \/>\n<meta name=\"twitter:label1\" content=\"Tempo di lettura stimato\" \/>\n\t<meta name=\"twitter:data1\" content=\"1 minuto\" \/>\n<script type=\"application\/ld+json\" class=\"yoast-schema-graph\">{\"@context\":\"https:\\\/\\\/schema.org\",\"@graph\":[{\"@type\":\"WebPage\",\"@id\":\"https:\\\/\\\/belson.al\\\/produket-tona\\\/smart-wc\\\/\",\"url\":\"https:\\\/\\\/belson.al\\\/produket-tona\\\/smart-wc\\\/\",\"name\":\"Smart WC me Teknologji Moderne | Komoditet & Higjien\u00eb\",\"isPartOf\":{\"@id\":\"https:\\\/\\\/belson.al\\\/#website\"},\"datePublished\":\"2025-06-05T09:46:53+00:00\",\"dateModified\":\"2025-06-25T09:41:04+00:00\",\"description\":\"Zbuloni Smart WC me funksione inteligjente p\u00ebr higjien\u00eb, kursim uji dhe rehati maksimale. Dizajn modern p\u00ebr banjo funksionale dhe elegante.\",\"breadcrumb\":{\"@id\":\"https:\\\/\\\/belson.al\\\/produket-tona\\\/smart-wc\\\/#breadcrumb\"},\"inLanguage\":\"it-IT\",\"potentialAction\":[{\"@type\":\"ReadAction\",\"target\":[\"https:\\\/\\\/belson.al\\\/produket-tona\\\/smart-wc\\\/\"]}]},{\"@type\":\"BreadcrumbList\",\"@id\":\"https:\\\/\\\/belson.al\\\/produket-tona\\\/smart-wc\\\/#breadcrumb\",\"itemListElement\":[{\"@type\":\"ListItem\",\"position\":1,\"name\":\"Home\",\"item\":\"https:\\\/\\\/belson.al\\\/\"},{\"@type\":\"ListItem\",\"position\":2,\"name\":\"Produket Tona\",\"item\":\"https:\\\/\\\/belson.al\\\/produket-tona\\\/\"},{\"@type\":\"ListItem\",\"position\":3,\"name\":\"Smart Wc\"}]},{\"@type\":\"WebSite\",\"@id\":\"https:\\\/\\\/belson.al\\\/#website\",\"url\":\"https:\\\/\\\/belson.al\\\/\",\"name\":\"belson.al\",\"description\":\"\",\"publisher\":{\"@id\":\"https:\\\/\\\/belson.al\\\/#organization\"},\"potentialAction\":[{\"@type\":\"SearchAction\",\"target\":{\"@type\":\"EntryPoint\",\"urlTemplate\":\"https:\\\/\\\/belson.al\\\/?s={search_term_string}\"},\"query-input\":{\"@type\":\"PropertyValueSpecification\",\"valueRequired\":true,\"valueName\":\"search_term_string\"}}],\"inLanguage\":\"it-IT\"},{\"@type\":\"Organization\",\"@id\":\"https:\\\/\\\/belson.al\\\/#organization\",\"name\":\"belson.al\",\"url\":\"https:\\\/\\\/belson.al\\\/\",\"logo\":{\"@type\":\"ImageObject\",\"inLanguage\":\"it-IT\",\"@id\":\"https:\\\/\\\/belson.al\\\/#\\\/schema\\\/logo\\\/image\\\/\",\"url\":\"https:\\\/\\\/belson.al\\\/wp-content\\\/uploads\\\/2025\\\/05\\\/belson-png-02-scaled.png\",\"contentUrl\":\"https:\\\/\\\/belson.al\\\/wp-content\\\/uploads\\\/2025\\\/05\\\/belson-png-02-scaled.png\",\"width\":2560,\"height\":1013,\"caption\":\"belson.al\"},\"image\":{\"@id\":\"https:\\\/\\\/belson.al\\\/#\\\/schema\\\/logo\\\/image\\\/\"},\"sameAs\":[\"https:\\\/\\\/www.facebook.com\\\/belsongm.group\\\/\"]}]}<\/script>\n<!-- \/ Yoast SEO plugin. -->","yoast_head_json":{"title":"Smart WC me Teknologji Moderne | Komoditet & Higjien\u00eb","description":"Zbuloni Smart WC me funksione inteligjente p\u00ebr higjien\u00eb, kursim uji dhe rehati maksimale. Dizajn modern p\u00ebr banjo funksionale dhe elegante.","robots":{"index":"index","follow":"follow","max-snippet":"max-snippet:-1","max-image-preview":"max-image-preview:large","max-video-preview":"max-video-preview:-1"},"canonical":"https:\/\/belson.al\/it\/produket-tona\/smart-wc\/","og_locale":"it_IT","og_type":"article","og_title":"Smart WC me Teknologji Moderne | Komoditet & Higjien\u00eb","og_description":"Zbuloni Smart WC me funksione inteligjente p\u00ebr higjien\u00eb, kursim uji dhe rehati maksimale. Dizajn modern p\u00ebr banjo funksionale dhe elegante.","og_url":"https:\/\/belson.al\/it\/produket-tona\/smart-wc\/","og_site_name":"belson.al","article_publisher":"https:\/\/www.facebook.com\/belsongm.group\/","article_modified_time":"2025-06-25T09:41:04+00:00","twitter_card":"summary_large_image","twitter_misc":{"Tempo di lettura stimato":"1 minuto"},"schema":{"@context":"https:\/\/schema.org","@graph":[{"@type":"WebPage","@id":"https:\/\/belson.al\/produket-tona\/smart-wc\/","url":"https:\/\/belson.al\/produket-tona\/smart-wc\/","name":"Smart WC me Teknologji Moderne | Komoditet & Higjien\u00eb","isPartOf":{"@id":"https:\/\/belson.al\/#website"},"datePublished":"2025-06-05T09:46:53+00:00","dateModified":"2025-06-25T09:41:04+00:00","description":"Zbuloni Smart WC me funksione inteligjente p\u00ebr higjien\u00eb, kursim uji dhe rehati maksimale. Dizajn modern p\u00ebr banjo funksionale dhe elegante.","breadcrumb":{"@id":"https:\/\/belson.al\/produket-tona\/smart-wc\/#breadcrumb"},"inLanguage":"it-IT","potentialAction":[{"@type":"ReadAction","target":["https:\/\/belson.al\/produket-tona\/smart-wc\/"]}]},{"@type":"BreadcrumbList","@id":"https:\/\/belson.al\/produket-tona\/smart-wc\/#breadcrumb","itemListElement":[{"@type":"ListItem","position":1,"name":"Home","item":"https:\/\/belson.al\/"},{"@type":"ListItem","position":2,"name":"Produket Tona","item":"https:\/\/belson.al\/produket-tona\/"},{"@type":"ListItem","position":3,"name":"Smart Wc"}]},{"@type":"WebSite","@id":"https:\/\/belson.al\/#website","url":"https:\/\/belson.al\/","name":"belson.al","description":"","publisher":{"@id":"https:\/\/belson.al\/#organization"},"potentialAction":[{"@type":"SearchAction","target":{"@type":"EntryPoint","urlTemplate":"https:\/\/belson.al\/?s={search_term_string}"},"query-input":{"@type":"PropertyValueSpecification","valueRequired":true,"valueName":"search_term_string"}}],"inLanguage":"it-IT"},{"@type":"Organization","@id":"https:\/\/belson.al\/#organization","name":"belson.al","url":"https:\/\/belson.al\/","logo":{"@type":"ImageObject","inLanguage":"it-IT","@id":"https:\/\/belson.al\/#\/schema\/logo\/image\/","url":"https:\/\/belson.al\/wp-content\/uploads\/2025\/05\/belson-png-02-scaled.png","contentUrl":"https:\/\/belson.al\/wp-content\/uploads\/2025\/05\/belson-png-02-scaled.png","width":2560,"height":1013,"caption":"belson.al"},"image":{"@id":"https:\/\/belson.al\/#\/schema\/logo\/image\/"},"sameAs":["https:\/\/www.facebook.com\/belsongm.group\/"]}]}},"_links":{"self":[{"href":"https:\/\/belson.al\/it\/wp-json\/wp\/v2\/pages\/429","targetHints":{"allow":["GET"]}}],"collection":[{"href":"https:\/\/belson.al\/it\/wp-json\/wp\/v2\/pages"}],"about":[{"href":"https:\/\/belson.al\/it\/wp-json\/wp\/v2\/types\/page"}],"author":[{"embeddable":true,"href":"https:\/\/belson.al\/it\/wp-json\/wp\/v2\/users\/1"}],"replies":[{"embeddable":true,"href":"https:\/\/belson.al\/it\/wp-json\/wp\/v2\/comments?post=429"}],"version-history":[{"count":70,"href":"https:\/\/belson.al\/it\/wp-json\/wp\/v2\/pages\/429\/revisions"}],"predecessor-version":[{"id":1152,"href":"https:\/\/belson.al\/it\/wp-json\/wp\/v2\/pages\/429\/revisions\/1152"}],"up":[{"embeddable":true,"href":"https:\/\/belson.al\/it\/wp-json\/wp\/v2\/pages\/21"}],"wp:attachment":[{"href":"https:\/\/belson.al\/it\/wp-json\/wp\/v2\/media?parent=429"}],"curies":[{"name":"wp","href":"https:\/\/api.w.org\/{rel}","templated":true}]}}